{"id":5109,"date":"2022-03-08T07:43:14","date_gmt":"2022-03-08T07:43:14","guid":{"rendered":"https:\/\/hcrb.de\/?page_id=5109"},"modified":"2023-05-17T08:21:55","modified_gmt":"2023-05-17T06:21:55","slug":"anmeldung-regiocup","status":"publish","type":"page","link":"https:\/\/hcrb.de\/index.php\/anmeldung-regiocup\/","title":{"rendered":"Anmeldung Regiocup"},"content":{"rendered":"\t\t<div data-elementor-type=\"wp-page\" data-elementor-id=\"5109\" class=\"elementor elementor-5109\" data-elementor-post-type=\"page\">\n\t\t\t\t\t\t<section class=\"elementor-section elementor-top-section elementor-element elementor-element-777a17e elementor-section-boxed elementor-section-height-default elementor-section-height-default\" data-id=\"777a17e\" data-element_type=\"section\" data-e-type=\"section\">\n\t\t\t\t\t\t<div class=\"elementor-container elementor-column-gap-default\">\n\t\t\t\t\t<div class=\"elementor-column elementor-col-100 elementor-top-column elementor-element elementor-element-b64e83c\" data-id=\"b64e83c\" data-element_type=\"column\" data-e-type=\"column\">\n\t\t\t<div class=\"elementor-widget-wrap elementor-element-populated\">\n\t\t\t\t\t\t<div class=\"elementor-element elementor-element-e7961f6 elementor-widget elementor-widget-heading\" data-id=\"e7961f6\" data-element_type=\"widget\" data-e-type=\"widget\" data-widget_type=\"heading.default\">\n\t\t\t\t<div class=\"elementor-widget-container\">\n\t\t\t\t\t<h2 class=\"elementor-heading-title elementor-size-default\">Anmeldung Regiocup 2022<\/h2>\t\t\t\t<\/div>\n\t\t\t\t<\/div>\n\t\t\t\t\t<\/div>\n\t\t<\/div>\n\t\t\t\t\t<\/div>\n\t\t<\/section>\n\t\t\t\t<section class=\"elementor-section elementor-top-section elementor-element elementor-element-e109890 elementor-section-boxed elementor-section-height-default elementor-section-height-default\" data-id=\"e109890\" data-element_type=\"section\" data-e-type=\"section\">\n\t\t\t\t\t\t<div class=\"elementor-container elementor-column-gap-default\">\n\t\t\t\t\t<div class=\"elementor-column elementor-col-100 elementor-top-column elementor-element elementor-element-13eb9cd\" data-id=\"13eb9cd\" data-element_type=\"column\" data-e-type=\"column\">\n\t\t\t<div class=\"elementor-widget-wrap\">\n\t\t\t\t\t\t\t<\/div>\n\t\t<\/div>\n\t\t\t\t\t<\/div>\n\t\t<\/section>\n\t\t\t\t<section class=\"elementor-section elementor-top-section elementor-element elementor-element-45ffb66 elementor-section-boxed elementor-section-height-default elementor-section-height-default\" data-id=\"45ffb66\" data-element_type=\"section\" data-e-type=\"section\">\n\t\t\t\t\t\t<div class=\"elementor-container elementor-column-gap-default\">\n\t\t\t\t\t<div class=\"elementor-column elementor-col-100 elementor-top-column elementor-element elementor-element-182b8b5\" data-id=\"182b8b5\" data-element_type=\"column\" data-e-type=\"column\">\n\t\t\t<div class=\"elementor-widget-wrap elementor-element-populated\">\n\t\t\t\t\t\t<div class=\"elementor-element elementor-element-f23390d elementor-widget elementor-widget-text-editor\" data-id=\"f23390d\" data-element_type=\"widget\" data-e-type=\"widget\" data-widget_type=\"text-editor.default\">\n\t\t\t\t<div class=\"elementor-widget-container\">\n\t\t\t\t\t\t\t\t\t<p>Der Regiocup des H\u00e4ngegleiter Club Regio Blauen findet nun definitiv und endg\u00fcltig am <strong>16.-17.07.2022<\/strong> bei uns am Blauen statt. Die <span style=\"text-decoration: underline;\"><strong>Teilnahmebedingungen<\/strong><\/span> dazu k\u00f6nnen<strong> <a href=\"https:\/\/hcrb.de\/wp-content\/uploads\/2022\/06\/RegioCup_2022-Ausschreibung.pdf\" target=\"_blank\" rel=\"noopener\">hier<\/a><\/strong> eingesehen werden. W\u00f6chentlich aktualisierte Information zum Event k\u00f6nnt Ihr <strong><a href=\"https:\/\/hcrb.de\/index.php\/hcrb\/#regiocup\">hier nachlesen.\u00a0<\/a><\/strong><br \/>Zur Anmeldung f\u00fcr den Regiocup 2022 bitte das folgende Formular ausf\u00fcllen. Neu: Ihr k\u00f6nnt die Anmeldegeb\u00fchr auch am 16. Juli direkt beim Piloten-check-in bei uns entrichten.<\/p>\t\t\t\t\t\t\t\t<\/div>\n\t\t\t\t<\/div>\n\t\t\t\t<div class=\"elementor-element elementor-element-a76864b elementor-button-align-stretch elementor-widget elementor-widget-form\" data-id=\"a76864b\" data-element_type=\"widget\" data-e-type=\"widget\" data-settings=\"{&quot;step_next_label&quot;:&quot;N\\u00e4chster&quot;,&quot;step_previous_label&quot;:&quot;Voriger&quot;,&quot;button_width&quot;:&quot;100&quot;,&quot;step_type&quot;:&quot;number_text&quot;,&quot;step_icon_shape&quot;:&quot;circle&quot;}\" data-widget_type=\"form.default\">\n\t\t\t\t<div class=\"elementor-widget-container\">\n\t\t\t\t\t\t\t<form class=\"elementor-form\" method=\"post\" id=\"AnmeldungRegiocup\" name=\"Anmeldung Regiocup Juli\" aria-label=\"Anmeldung Regiocup Juli\">\n\t\t\t<input type=\"hidden\" name=\"post_id\" value=\"5109\"\/>\n\t\t\t<input type=\"hidden\" name=\"form_id\" value=\"a76864b\"\/>\n\t\t\t<input type=\"hidden\" name=\"referer_title\" value=\"H\u00e4ngegleiter-Club Regio Blauen\" \/>\n\n\t\t\t\n\t\t\t<div class=\"elementor-form-fields-wrapper elementor-labels-above\">\n\t\t\t\t\t\t\t\t<div class=\"elementor-field-type-text elementor-field-group elementor-column elementor-field-group-name elementor-col-100 elementor-field-required\">\n\t\t\t\t\t\t\t\t\t\t\t\t<label for=\"form-field-name\" class=\"elementor-field-label\">\n\t\t\t\t\t\t\t\tNachname, Vorname (20\u20ac Anmeldegeb\u00fchr)\t\t\t\t\t\t\t<\/label>\n\t\t\t\t\t\t\t\t\t\t\t\t\t\t<input size=\"1\" type=\"text\" name=\"form_fields[name]\" id=\"form-field-name\" class=\"elementor-field elementor-size-sm  elementor-field-textual\" placeholder=\"Name\" required=\"required\">\n\t\t\t\t\t\t\t\t\t\t\t<\/div>\n\t\t\t\t\t\t\t\t<div class=\"elementor-field-type-text elementor-field-group elementor-column elementor-field-group-field_69aeddd elementor-col-100\">\n\t\t\t\t\t\t\t\t\t\t\t\t<label for=\"form-field-field_69aeddd\" class=\"elementor-field-label\">\n\t\t\t\t\t\t\t\tVerein\t\t\t\t\t\t\t<\/label>\n\t\t\t\t\t\t\t\t\t\t\t\t\t\t<input size=\"1\" type=\"text\" name=\"form_fields[field_69aeddd]\" id=\"form-field-field_69aeddd\" class=\"elementor-field elementor-size-sm  elementor-field-textual\">\n\t\t\t\t\t\t\t\t\t\t\t<\/div>\n\t\t\t\t\t\t\t\t<div class=\"elementor-field-type-email elementor-field-group elementor-column elementor-field-group-email elementor-col-100 elementor-field-required\">\n\t\t\t\t\t\t\t\t\t\t\t\t<label for=\"form-field-email\" class=\"elementor-field-label\">\n\t\t\t\t\t\t\t\tE-Mail\t\t\t\t\t\t\t<\/label>\n\t\t\t\t\t\t\t\t\t\t\t\t\t\t<input size=\"1\" type=\"email\" name=\"form_fields[email]\" id=\"form-field-email\" class=\"elementor-field elementor-size-sm  elementor-field-textual\" placeholder=\"E-Mail\" required=\"required\">\n\t\t\t\t\t\t\t\t\t\t\t<\/div>\n\t\t\t\t\t\t\t\t<div class=\"elementor-field-type-textarea elementor-field-group elementor-column elementor-field-group-message elementor-col-100 elementor-field-required\">\n\t\t\t\t\t\t\t\t\t\t\t\t<label for=\"form-field-message\" class=\"elementor-field-label\">\n\t\t\t\t\t\t\t\tTelefonnummer\t\t\t\t\t\t\t<\/label>\n\t\t\t\t\t\t<textarea class=\"elementor-field-textual elementor-field  elementor-size-sm\" name=\"form_fields[message]\" id=\"form-field-message\" rows=\"1\" placeholder=\"Telefonnummer\" required=\"required\"><\/textarea>\t\t\t\t<\/div>\n\t\t\t\t\t\t\t\t<div class=\"elementor-field-type-select elementor-field-group elementor-column elementor-field-group-field_1a1b0d4 elementor-col-100 elementor-field-required\">\n\t\t\t\t\t\t\t\t\t\t\t\t<label for=\"form-field-field_1a1b0d4\" class=\"elementor-field-label\">\n\t\t\t\t\t\t\t\tAnmeldung f\u00fcr\t\t\t\t\t\t\t<\/label>\n\t\t\t\t\t\t\t\t<div class=\"elementor-field elementor-select-wrapper remove-before \">\n\t\t\t<div class=\"select-caret-down-wrapper\">\n\t\t\t\t<i aria-hidden=\"true\" class=\"eicon-caret-down\"><\/i>\t\t\t<\/div>\n\t\t\t<select name=\"form_fields[field_1a1b0d4]\" id=\"form-field-field_1a1b0d4\" class=\"elementor-field-textual elementor-size-sm\" required=\"required\">\n\t\t\t\t\t\t\t\t\t<option value=\"Regiocup\">Regiocup<\/option>\n\t\t\t\t\t\t\t\t\t<option value=\"Funcup\">Funcup<\/option>\n\t\t\t\t\t\t\t<\/select>\n\t\t<\/div>\n\t\t\t\t\t\t<\/div>\n\t\t\t\t\t\t\t\t<div class=\"elementor-field-type-select elementor-field-group elementor-column elementor-field-group-field_31b1e58 elementor-col-100 elementor-field-required\">\n\t\t\t\t\t\t\t\t\t\t\t\t<label for=\"form-field-field_31b1e58\" class=\"elementor-field-label\">\n\t\t\t\t\t\t\t\tT-Shirt Gr\u00f6sse (+15\u20ac)\t\t\t\t\t\t\t<\/label>\n\t\t\t\t\t\t\t\t<div class=\"elementor-field elementor-select-wrapper remove-before \">\n\t\t\t<div class=\"select-caret-down-wrapper\">\n\t\t\t\t<i aria-hidden=\"true\" class=\"eicon-caret-down\"><\/i>\t\t\t<\/div>\n\t\t\t<select name=\"form_fields[field_31b1e58]\" id=\"form-field-field_31b1e58\" class=\"elementor-field-textual elementor-size-sm\" required=\"required\">\n\t\t\t\t\t\t\t\t\t<option value=\"M\">M<\/option>\n\t\t\t\t\t\t\t\t\t<option value=\"L\">L<\/option>\n\t\t\t\t\t\t\t\t\t<option value=\"XL\">XL<\/option>\n\t\t\t\t\t\t\t\t\t<option value=\"kein T-Shirt\">kein T-Shirt<\/option>\n\t\t\t\t\t\t\t<\/select>\n\t\t<\/div>\n\t\t\t\t\t\t<\/div>\n\t\t\t\t\t\t\t\t<div class=\"elementor-field-type-acceptance elementor-field-group elementor-column elementor-field-group-field_150d6f4 elementor-col-100 elementor-field-required\">\n\t\t\t\t\t\t\t\t\t\t\t\t<label for=\"form-field-field_150d6f4\" class=\"elementor-field-label\">\n\t\t\t\t\t\t\t\tTeilnahmebedingungen gelesen und akzeptiert\t\t\t\t\t\t\t<\/label>\n\t\t\t\t\t\t\t\t<div class=\"elementor-field-subgroup\">\n\t\t\t<span class=\"elementor-field-option\">\n\t\t\t\t<input type=\"checkbox\" name=\"form_fields[field_150d6f4]\" id=\"form-field-field_150d6f4\" class=\"elementor-field elementor-size-sm  elementor-acceptance-field\" required=\"required\">\n\t\t\t\t\t\t\t<\/span>\n\t\t<\/div>\n\t\t\t\t\t\t<\/div>\n\t\t\t\t\t\t\t\t<div class=\"elementor-field-group elementor-column elementor-field-type-submit elementor-col-100 e-form__buttons\">\n\t\t\t\t\t<button class=\"elementor-button elementor-size-sm\" type=\"submit\">\n\t\t\t\t\t\t<span class=\"elementor-button-content-wrapper\">\n\t\t\t\t\t\t\t\t\t\t\t\t\t\t\t\t\t\t\t\t\t\t<span class=\"elementor-button-text\">Senden<\/span>\n\t\t\t\t\t\t\t\t\t\t\t\t\t<\/span>\n\t\t\t\t\t<\/button>\n\t\t\t\t<\/div>\n\t\t\t<\/div>\n\t\t<\/form>\n\t\t\t\t\t\t<\/div>\n\t\t\t\t<\/div>\n\t\t\t\t\t<\/div>\n\t\t<\/div>\n\t\t\t\t\t<\/div>\n\t\t<\/section>\n\t\t\t\t<\/div>\n\t\t","protected":false},"excerpt":{"rendered":"<p>Anmeldung Regiocup 2022 Der Regiocup des H\u00e4ngegleiter Club Regio Blauen findet nun definitiv und endg\u00fcltig am 16.-17.07.2022 bei uns am Blauen statt. Die Teilnahmebedingungen dazu k\u00f6nnen hier eingesehen werden. W\u00f6chentlich aktualisierte Information zum Event k\u00f6nnt Ihr hier nachlesen.\u00a0Zur Anmeldung f\u00fcr den Regiocup 2022 bitte das folgende Formular ausf\u00fcllen. Neu: Ihr k\u00f6nnt die Anmeldegeb\u00fchr auch am [&hellip;]<\/p>\n","protected":false},"author":6,"featured_media":5105,"parent":0,"menu_order":0,"comment_status":"closed","ping_status":"closed","template":"","meta":{"site-sidebar-layout":"no-sidebar","site-content-layout":"page-builder","ast-site-content-layout":"default","site-content-style":"default","site-sidebar-style":"default","ast-global-header-display":"","ast-banner-title-visibility":"","ast-main-header-display":"","ast-hfb-above-header-display":"","ast-hfb-below-header-display":"","ast-hfb-mobile-header-display":"","site-post-title":"disabled","ast-breadcrumbs-content":"","ast-featured-img":"disabled","footer-sml-layout":"","ast-disable-related-posts":"","theme-transparent-header-meta":"","adv-header-id-meta":"","stick-header-meta":"","header-above-stick-meta":"","header-main-stick-meta":"","header-below-stick-meta":"","astra-migrate-meta-layouts":"default","ast-page-background-enabled":"default","ast-page-background-meta":{"desktop":{"background-color":"","background-image":"","background-repeat":"repeat","background-position":"center center","background-size":"auto","background-attachment":"scroll","background-type":"","background-media":"","overlay-type":"","overlay-color":"","overlay-opacity":"","overlay-gradient":""},"tablet":{"background-color":"","background-image":"","background-repeat":"repeat","background-position":"center center","background-size":"auto","background-attachment":"scroll","background-type":"","background-media":"","overlay-type":"","overlay-color":"","overlay-opacity":"","overlay-gradient":""},"mobile":{"background-color":"","background-image":"","background-repeat":"repeat","background-position":"center center","background-size":"auto","background-attachment":"scroll","background-type":"","background-media":"","overlay-type":"","overlay-color":"","overlay-opacity":"","overlay-gradient":""}},"ast-content-background-meta":{"desktop":{"background-color":"var(--ast-global-color-5)","background-image":"","background-repeat":"repeat","background-position":"center center","background-size":"auto","background-attachment":"scroll","background-type":"","background-media":"","overlay-type":"","overlay-color":"","overlay-opacity":"","overlay-gradient":""},"tablet":{"background-color":"var(--ast-global-color-5)","background-image":"","background-repeat":"repeat","background-position":"center center","background-size":"auto","background-attachment":"scroll","background-type":"","background-media":"","overlay-type":"","overlay-color":"","overlay-opacity":"","overlay-gradient":""},"mobile":{"background-color":"var(--ast-global-color-5)","background-image":"","background-repeat":"repeat","background-position":"center center","background-size":"auto","background-attachment":"scroll","background-type":"","background-media":"","overlay-type":"","overlay-color":"","overlay-opacity":"","overlay-gradient":""}},"footnotes":""},"class_list":["post-5109","page","type-page","status-publish","has-post-thumbnail","hentry"],"yoast_head":"<!-- This site is optimized with the Yoast SEO plugin v27.4 - https:\/\/yoast.com\/product\/yoast-seo-wordpress\/ -->\n<title>Anmeldung Regiocup - H\u00e4ngegleiter-Club Regio Blauen<\/title>\n<meta name=\"robots\" content=\"index, follow, max-snippet:-1, max-image-preview:large, max-video-preview:-1\" \/>\n<link rel=\"canonical\" href=\"https:\/\/hcrb.de\/index.php\/anmeldung-regiocup\/\" \/>\n<meta property=\"og:locale\" content=\"de_DE\" \/>\n<meta property=\"og:type\" content=\"article\" \/>\n<meta property=\"og:title\" content=\"Anmeldung Regiocup - H\u00e4ngegleiter-Club Regio Blauen\" \/>\n<meta property=\"og:description\" content=\"Anmeldung Regiocup 2022 Der Regiocup des H\u00e4ngegleiter Club Regio Blauen findet nun definitiv und endg\u00fcltig am 16.-17.07.2022 bei uns am Blauen statt. Die Teilnahmebedingungen dazu k\u00f6nnen hier eingesehen werden. W\u00f6chentlich aktualisierte Information zum Event k\u00f6nnt Ihr hier nachlesen.\u00a0Zur Anmeldung f\u00fcr den Regiocup 2022 bitte das folgende Formular ausf\u00fcllen. Neu: Ihr k\u00f6nnt die Anmeldegeb\u00fchr auch am [&hellip;]\" \/>\n<meta property=\"og:url\" content=\"https:\/\/hcrb.de\/index.php\/anmeldung-regiocup\/\" \/>\n<meta property=\"og:site_name\" content=\"H\u00e4ngegleiter-Club Regio Blauen\" \/>\n<meta property=\"article:modified_time\" content=\"2023-05-17T06:21:55+00:00\" \/>\n<meta property=\"og:image\" content=\"https:\/\/hcrb.de\/wp-content\/uploads\/2022\/03\/20160703_140505.jpg\" \/>\n\t<meta property=\"og:image:width\" content=\"2048\" \/>\n\t<meta property=\"og:image:height\" content=\"1152\" \/>\n\t<meta property=\"og:image:type\" content=\"image\/jpeg\" \/>\n<meta name=\"twitter:card\" content=\"summary_large_image\" \/>\n<meta name=\"twitter:label1\" content=\"Gesch\u00e4tzte Lesezeit\" \/>\n\t<meta name=\"twitter:data1\" content=\"1\u00a0Minute\" \/>\n<script type=\"application\/ld+json\" class=\"yoast-schema-graph\">{\"@context\":\"https:\\\/\\\/schema.org\",\"@graph\":[{\"@type\":\"WebPage\",\"@id\":\"https:\\\/\\\/hcrb.de\\\/index.php\\\/anmeldung-regiocup\\\/\",\"url\":\"https:\\\/\\\/hcrb.de\\\/index.php\\\/anmeldung-regiocup\\\/\",\"name\":\"Anmeldung Regiocup - H\u00e4ngegleiter-Club Regio Blauen\",\"isPartOf\":{\"@id\":\"https:\\\/\\\/hcrb.de\\\/#website\"},\"primaryImageOfPage\":{\"@id\":\"https:\\\/\\\/hcrb.de\\\/index.php\\\/anmeldung-regiocup\\\/#primaryimage\"},\"image\":{\"@id\":\"https:\\\/\\\/hcrb.de\\\/index.php\\\/anmeldung-regiocup\\\/#primaryimage\"},\"thumbnailUrl\":\"https:\\\/\\\/hcrb.de\\\/wp-content\\\/uploads\\\/2022\\\/03\\\/20160703_140505.jpg\",\"datePublished\":\"2022-03-08T07:43:14+00:00\",\"dateModified\":\"2023-05-17T06:21:55+00:00\",\"breadcrumb\":{\"@id\":\"https:\\\/\\\/hcrb.de\\\/index.php\\\/anmeldung-regiocup\\\/#breadcrumb\"},\"inLanguage\":\"de\",\"potentialAction\":[{\"@type\":\"ReadAction\",\"target\":[\"https:\\\/\\\/hcrb.de\\\/index.php\\\/anmeldung-regiocup\\\/\"]}]},{\"@type\":\"ImageObject\",\"inLanguage\":\"de\",\"@id\":\"https:\\\/\\\/hcrb.de\\\/index.php\\\/anmeldung-regiocup\\\/#primaryimage\",\"url\":\"https:\\\/\\\/hcrb.de\\\/wp-content\\\/uploads\\\/2022\\\/03\\\/20160703_140505.jpg\",\"contentUrl\":\"https:\\\/\\\/hcrb.de\\\/wp-content\\\/uploads\\\/2022\\\/03\\\/20160703_140505.jpg\",\"width\":2048,\"height\":1152},{\"@type\":\"BreadcrumbList\",\"@id\":\"https:\\\/\\\/hcrb.de\\\/index.php\\\/anmeldung-regiocup\\\/#breadcrumb\",\"itemListElement\":[{\"@type\":\"ListItem\",\"position\":1,\"name\":\"Startseite\",\"item\":\"https:\\\/\\\/hcrb.de\\\/\"},{\"@type\":\"ListItem\",\"position\":2,\"name\":\"Anmeldung Regiocup\"}]},{\"@type\":\"WebSite\",\"@id\":\"https:\\\/\\\/hcrb.de\\\/#website\",\"url\":\"https:\\\/\\\/hcrb.de\\\/\",\"name\":\"H\u00e4ngegleiter-Club Regio Blauen\",\"description\":\"Gleitschirm- und Drachenfliegen im S\u00fcdschwarzwald\",\"publisher\":{\"@id\":\"https:\\\/\\\/hcrb.de\\\/#organization\"},\"potentialAction\":[{\"@type\":\"SearchAction\",\"target\":{\"@type\":\"EntryPoint\",\"urlTemplate\":\"https:\\\/\\\/hcrb.de\\\/?s={search_term_string}\"},\"query-input\":{\"@type\":\"PropertyValueSpecification\",\"valueRequired\":true,\"valueName\":\"search_term_string\"}}],\"inLanguage\":\"de\"},{\"@type\":\"Organization\",\"@id\":\"https:\\\/\\\/hcrb.de\\\/#organization\",\"name\":\"HCRB e. V.\",\"url\":\"https:\\\/\\\/hcrb.de\\\/\",\"logo\":{\"@type\":\"ImageObject\",\"inLanguage\":\"de\",\"@id\":\"https:\\\/\\\/hcrb.de\\\/#\\\/schema\\\/logo\\\/image\\\/\",\"url\":\"https:\\\/\\\/hcrb.de\\\/wp-content\\\/uploads\\\/2020\\\/11\\\/cropped-Logo_Verein.webp\",\"contentUrl\":\"https:\\\/\\\/hcrb.de\\\/wp-content\\\/uploads\\\/2020\\\/11\\\/cropped-Logo_Verein.webp\",\"width\":625,\"height\":168,\"caption\":\"HCRB e. V.\"},\"image\":{\"@id\":\"https:\\\/\\\/hcrb.de\\\/#\\\/schema\\\/logo\\\/image\\\/\"}}]}<\/script>\n<!-- \/ Yoast SEO plugin. -->","yoast_head_json":{"title":"Anmeldung Regiocup - H\u00e4ngegleiter-Club Regio Blauen","robots":{"index":"index","follow":"follow","max-snippet":"max-snippet:-1","max-image-preview":"max-image-preview:large","max-video-preview":"max-video-preview:-1"},"canonical":"https:\/\/hcrb.de\/index.php\/anmeldung-regiocup\/","og_locale":"de_DE","og_type":"article","og_title":"Anmeldung Regiocup - H\u00e4ngegleiter-Club Regio Blauen","og_description":"Anmeldung Regiocup 2022 Der Regiocup des H\u00e4ngegleiter Club Regio Blauen findet nun definitiv und endg\u00fcltig am 16.-17.07.2022 bei uns am Blauen statt. Die Teilnahmebedingungen dazu k\u00f6nnen hier eingesehen werden. W\u00f6chentlich aktualisierte Information zum Event k\u00f6nnt Ihr hier nachlesen.\u00a0Zur Anmeldung f\u00fcr den Regiocup 2022 bitte das folgende Formular ausf\u00fcllen. Neu: Ihr k\u00f6nnt die Anmeldegeb\u00fchr auch am [&hellip;]","og_url":"https:\/\/hcrb.de\/index.php\/anmeldung-regiocup\/","og_site_name":"H\u00e4ngegleiter-Club Regio Blauen","article_modified_time":"2023-05-17T06:21:55+00:00","og_image":[{"width":2048,"height":1152,"url":"https:\/\/hcrb.de\/wp-content\/uploads\/2022\/03\/20160703_140505.jpg","type":"image\/jpeg"}],"twitter_card":"summary_large_image","twitter_misc":{"Gesch\u00e4tzte Lesezeit":"1\u00a0Minute"},"schema":{"@context":"https:\/\/schema.org","@graph":[{"@type":"WebPage","@id":"https:\/\/hcrb.de\/index.php\/anmeldung-regiocup\/","url":"https:\/\/hcrb.de\/index.php\/anmeldung-regiocup\/","name":"Anmeldung Regiocup - H\u00e4ngegleiter-Club Regio Blauen","isPartOf":{"@id":"https:\/\/hcrb.de\/#website"},"primaryImageOfPage":{"@id":"https:\/\/hcrb.de\/index.php\/anmeldung-regiocup\/#primaryimage"},"image":{"@id":"https:\/\/hcrb.de\/index.php\/anmeldung-regiocup\/#primaryimage"},"thumbnailUrl":"https:\/\/hcrb.de\/wp-content\/uploads\/2022\/03\/20160703_140505.jpg","datePublished":"2022-03-08T07:43:14+00:00","dateModified":"2023-05-17T06:21:55+00:00","breadcrumb":{"@id":"https:\/\/hcrb.de\/index.php\/anmeldung-regiocup\/#breadcrumb"},"inLanguage":"de","potentialAction":[{"@type":"ReadAction","target":["https:\/\/hcrb.de\/index.php\/anmeldung-regiocup\/"]}]},{"@type":"ImageObject","inLanguage":"de","@id":"https:\/\/hcrb.de\/index.php\/anmeldung-regiocup\/#primaryimage","url":"https:\/\/hcrb.de\/wp-content\/uploads\/2022\/03\/20160703_140505.jpg","contentUrl":"https:\/\/hcrb.de\/wp-content\/uploads\/2022\/03\/20160703_140505.jpg","width":2048,"height":1152},{"@type":"BreadcrumbList","@id":"https:\/\/hcrb.de\/index.php\/anmeldung-regiocup\/#breadcrumb","itemListElement":[{"@type":"ListItem","position":1,"name":"Startseite","item":"https:\/\/hcrb.de\/"},{"@type":"ListItem","position":2,"name":"Anmeldung Regiocup"}]},{"@type":"WebSite","@id":"https:\/\/hcrb.de\/#website","url":"https:\/\/hcrb.de\/","name":"H\u00e4ngegleiter-Club Regio Blauen","description":"Gleitschirm- und Drachenfliegen im S\u00fcdschwarzwald","publisher":{"@id":"https:\/\/hcrb.de\/#organization"},"potentialAction":[{"@type":"SearchAction","target":{"@type":"EntryPoint","urlTemplate":"https:\/\/hcrb.de\/?s={search_term_string}"},"query-input":{"@type":"PropertyValueSpecification","valueRequired":true,"valueName":"search_term_string"}}],"inLanguage":"de"},{"@type":"Organization","@id":"https:\/\/hcrb.de\/#organization","name":"HCRB e. V.","url":"https:\/\/hcrb.de\/","logo":{"@type":"ImageObject","inLanguage":"de","@id":"https:\/\/hcrb.de\/#\/schema\/logo\/image\/","url":"https:\/\/hcrb.de\/wp-content\/uploads\/2020\/11\/cropped-Logo_Verein.webp","contentUrl":"https:\/\/hcrb.de\/wp-content\/uploads\/2020\/11\/cropped-Logo_Verein.webp","width":625,"height":168,"caption":"HCRB e. V."},"image":{"@id":"https:\/\/hcrb.de\/#\/schema\/logo\/image\/"}}]}},"_links":{"self":[{"href":"https:\/\/hcrb.de\/index.php\/wp-json\/wp\/v2\/pages\/5109","targetHints":{"allow":["GET"]}}],"collection":[{"href":"https:\/\/hcrb.de\/index.php\/wp-json\/wp\/v2\/pages"}],"about":[{"href":"https:\/\/hcrb.de\/index.php\/wp-json\/wp\/v2\/types\/page"}],"author":[{"embeddable":true,"href":"https:\/\/hcrb.de\/index.php\/wp-json\/wp\/v2\/users\/6"}],"replies":[{"embeddable":true,"href":"https:\/\/hcrb.de\/index.php\/wp-json\/wp\/v2\/comments?post=5109"}],"version-history":[{"count":10,"href":"https:\/\/hcrb.de\/index.php\/wp-json\/wp\/v2\/pages\/5109\/revisions"}],"predecessor-version":[{"id":6182,"href":"https:\/\/hcrb.de\/index.php\/wp-json\/wp\/v2\/pages\/5109\/revisions\/6182"}],"wp:featuredmedia":[{"embeddable":true,"href":"https:\/\/hcrb.de\/index.php\/wp-json\/wp\/v2\/media\/5105"}],"wp:attachment":[{"href":"https:\/\/hcrb.de\/index.php\/wp-json\/wp\/v2\/media?parent=5109"}],"curies":[{"name":"wp","href":"https:\/\/api.w.org\/{rel}","templated":true}]}}