{"id":2275,"date":"2021-01-08T14:48:23","date_gmt":"2021-01-08T14:48:23","guid":{"rendered":"https:\/\/hcrb.de\/?page_id=2275"},"modified":"2021-03-14T13:53:05","modified_gmt":"2021-03-14T13:53:05","slug":"blog-kategorie-tandem","status":"publish","type":"page","link":"https:\/\/hcrb.de\/index.php\/blog-kategorie-tandem\/","title":{"rendered":"Blog &#8211; Kategorie &#8222;Tandem&#8220;"},"content":{"rendered":"\t\t<div data-elementor-type=\"wp-page\" data-elementor-id=\"2275\" class=\"elementor elementor-2275\" data-elementor-post-type=\"page\">\n\t\t\t\t\t\t<section class=\"elementor-section elementor-top-section elementor-element elementor-element-b1403f5 elementor-section-full_width elementor-section-height-default elementor-section-height-default\" data-id=\"b1403f5\" data-element_type=\"section\" data-e-type=\"section\">\n\t\t\t\t\t\t<div class=\"elementor-container elementor-column-gap-no\">\n\t\t\t\t\t<div class=\"elementor-column elementor-col-100 elementor-top-column elementor-element elementor-element-82e8f70\" data-id=\"82e8f70\" data-element_type=\"column\" data-e-type=\"column\">\n\t\t\t<div class=\"elementor-widget-wrap elementor-element-populated\">\n\t\t\t\t\t\t<div class=\"elementor-element elementor-element-221669f elementor-widget elementor-widget-image\" data-id=\"221669f\" data-element_type=\"widget\" data-e-type=\"widget\" data-widget_type=\"image.default\">\n\t\t\t\t<div class=\"elementor-widget-container\">\n\t\t\t\t\t\t\t\t\t\t\t\t\t\t\t<img decoding=\"async\" src=\"https:\/\/hcrb.de\/wp-content\/uploads\/2021\/01\/IMG_3143-DR-Blog-Tandem-1920p.jpg\" title=\"IMG_3143 DR Blog Tandem 1920p\" alt=\"IMG_3143 DR Blog Tandem 1920p\" loading=\"lazy\" \/>\t\t\t\t\t\t\t\t\t\t\t\t\t\t\t<\/div>\n\t\t\t\t<\/div>\n\t\t\t\t\t<\/div>\n\t\t<\/div>\n\t\t\t\t\t<\/div>\n\t\t<\/section>\n\t\t\t\t<section class=\"elementor-section elementor-top-section elementor-element elementor-element-bdd3e1c elementor-section-boxed elementor-section-height-default elementor-section-height-default\" data-id=\"bdd3e1c\" data-element_type=\"section\" data-e-type=\"section\" data-settings=\"{&quot;background_background&quot;:&quot;classic&quot;}\">\n\t\t\t\t\t\t<div class=\"elementor-container elementor-column-gap-default\">\n\t\t\t\t\t<div class=\"elementor-column elementor-col-50 elementor-top-column elementor-element elementor-element-4ca7000\" data-id=\"4ca7000\" data-element_type=\"column\" data-e-type=\"column\">\n\t\t\t<div class=\"elementor-widget-wrap elementor-element-populated\">\n\t\t\t\t\t\t<div class=\"elementor-element elementor-element-ea6e735 elementor-widget-divider--view-line_text elementor-widget-divider--element-align-right elementor-widget elementor-widget-divider\" data-id=\"ea6e735\" data-element_type=\"widget\" data-e-type=\"widget\" data-widget_type=\"divider.default\">\n\t\t\t\t<div class=\"elementor-widget-container\">\n\t\t\t\t\t\t\t<div class=\"elementor-divider\">\n\t\t\t<span class=\"elementor-divider-separator\">\n\t\t\t\t\t\t\t<span class=\"elementor-divider__text elementor-divider__element\">\n\t\t\t\t\u00dcbersicht\t\t\t\t<\/span>\n\t\t\t\t\t\t<\/span>\n\t\t<\/div>\n\t\t\t\t\t\t<\/div>\n\t\t\t\t<\/div>\n\t\t\t\t<div class=\"elementor-element elementor-element-72ef48c elementor-widget elementor-widget-heading\" data-id=\"72ef48c\" data-element_type=\"widget\" data-e-type=\"widget\" data-widget_type=\"heading.default\">\n\t\t\t\t<div class=\"elementor-widget-container\">\n\t\t\t\t\t<h2 class=\"elementor-heading-title elementor-size-default\">Tandem Fliegen<\/h2>\t\t\t\t<\/div>\n\t\t\t\t<\/div>\n\t\t\t\t\t<\/div>\n\t\t<\/div>\n\t\t\t\t<div class=\"elementor-column elementor-col-50 elementor-top-column elementor-element elementor-element-b071a9b\" data-id=\"b071a9b\" data-element_type=\"column\" data-e-type=\"column\">\n\t\t\t<div class=\"elementor-widget-wrap\">\n\t\t\t\t\t\t\t<\/div>\n\t\t<\/div>\n\t\t\t\t\t<\/div>\n\t\t<\/section>\n\t\t\t\t<section class=\"elementor-section elementor-top-section elementor-element elementor-element-cab1dd7 elementor-section-boxed elementor-section-height-default elementor-section-height-default\" data-id=\"cab1dd7\" data-element_type=\"section\" data-e-type=\"section\" data-settings=\"{&quot;background_background&quot;:&quot;classic&quot;}\">\n\t\t\t\t\t\t<div class=\"elementor-container elementor-column-gap-default\">\n\t\t\t\t\t<div class=\"elementor-column elementor-col-100 elementor-top-column elementor-element elementor-element-27aa99b\" data-id=\"27aa99b\" data-element_type=\"column\" data-e-type=\"column\">\n\t\t\t<div class=\"elementor-widget-wrap elementor-element-populated\">\n\t\t\t\t\t\t<div class=\"elementor-element elementor-element-3b5607a elementor-grid-3 elementor-grid-tablet-2 elementor-grid-mobile-1 elementor-posts--thumbnail-top elementor-card-shadow-yes elementor-posts__hover-gradient elementor-widget elementor-widget-posts\" data-id=\"3b5607a\" data-element_type=\"widget\" data-e-type=\"widget\" data-settings=\"{&quot;cards_columns&quot;:&quot;3&quot;,&quot;cards_columns_tablet&quot;:&quot;2&quot;,&quot;cards_columns_mobile&quot;:&quot;1&quot;,&quot;cards_row_gap&quot;:{&quot;unit&quot;:&quot;px&quot;,&quot;size&quot;:35,&quot;sizes&quot;:[]},&quot;cards_row_gap_tablet&quot;:{&quot;unit&quot;:&quot;px&quot;,&quot;size&quot;:&quot;&quot;,&quot;sizes&quot;:[]},&quot;cards_row_gap_mobile&quot;:{&quot;unit&quot;:&quot;px&quot;,&quot;size&quot;:&quot;&quot;,&quot;sizes&quot;:[]}}\" data-widget_type=\"posts.cards\">\n\t\t\t\t<div class=\"elementor-widget-container\">\n\t\t\t\t\t\t\t<div class=\"elementor-posts-container elementor-posts elementor-posts--skin-cards elementor-grid\" role=\"list\">\n\t\t\t\t<article class=\"elementor-post elementor-grid-item post-6831 post type-post status-publish format-standard has-post-thumbnail hentry category-tandem\" role=\"listitem\">\n\t\t\t<div class=\"elementor-post__card\">\n\t\t\t\t<a class=\"elementor-post__thumbnail__link\" href=\"https:\/\/hcrb.de\/index.php\/2024\/02\/03\/tandemfliegen-der-ablauf-eines-passagierflugs-mit-dem-gleitschirm\/\" tabindex=\"-1\" ><div class=\"elementor-post__thumbnail\"><img fetchpriority=\"high\" decoding=\"async\" width=\"300\" height=\"215\" src=\"https:\/\/hcrb.de\/wp-content\/uploads\/2020\/11\/tandem_1-300x215.jpg\" class=\"attachment-medium size-medium wp-image-1089\" alt=\"\" srcset=\"https:\/\/hcrb.de\/wp-content\/uploads\/2020\/11\/tandem_1-300x215.jpg 300w, https:\/\/hcrb.de\/wp-content\/uploads\/2020\/11\/tandem_1-768x549.jpg 768w, https:\/\/hcrb.de\/wp-content\/uploads\/2020\/11\/tandem_1.jpg 1004w\" sizes=\"(max-width: 300px) 100vw, 300px\" \/><\/div><\/a>\n\t\t\t\t<div class=\"elementor-post__badge\">Tandem<\/div>\n\t\t\t\t<div class=\"elementor-post__text\">\n\t\t\t\t<h3 class=\"elementor-post__title\">\n\t\t\t<a href=\"https:\/\/hcrb.de\/index.php\/2024\/02\/03\/tandemfliegen-der-ablauf-eines-passagierflugs-mit-dem-gleitschirm\/\" >\n\t\t\t\tTandemfliegen &#8211; der Ablauf eines Passagierflugs\t\t\t<\/a>\n\t\t<\/h3>\n\t\t\t\t<div class=\"elementor-post__excerpt\">\n\t\t\t<p>F\u00fcr einige Piloten hat die eigene Flugkarriere mit einem Tandemflug begonnen. Sich an jemanden anderen dran zu h\u00e4ngen bedeutet f\u00fcr beide Personen, gegenseitig zu vertrauen, denn Tandemfliegen ist wie ein Teamsport.\u00a0 \u00a0 Der Start\u00a0 \u00a0 W\u00e4hrend des Startvorgangs sind beide Personen gefragt, die n\u00f6tige Abhebegeschwindigkeit zu erlaufen bzw. zu erennen. Je nach Geschwindigkeit des Windes,<\/p>\n\t\t<\/div>\n\t\t\n\t\t<a class=\"elementor-post__read-more\" href=\"https:\/\/hcrb.de\/index.php\/2024\/02\/03\/tandemfliegen-der-ablauf-eines-passagierflugs-mit-dem-gleitschirm\/\" aria-label=\"Mehr \u00fcber Tandemfliegen &#8211; der Ablauf eines Passagierflugs\" tabindex=\"-1\" >\n\t\t\tWeiterlesen \u00bb\t\t<\/a>\n\n\t\t\t\t<\/div>\n\t\t\t\t<div class=\"elementor-post__meta-data\">\n\t\t\t\t\t<span class=\"elementor-post-date\">\n\t\t\tFebruar 3, 2024\t\t<\/span>\n\t\t\t\t<span class=\"elementor-post-avatar\">\n\t\t\tKeine Kommentare\t\t<\/span>\n\t\t\t\t<\/div>\n\t\t\t\t\t<\/div>\n\t\t<\/article>\n\t\t\t\t<article class=\"elementor-post elementor-grid-item post-6479 post type-post status-publish format-standard has-post-thumbnail hentry category-neuheiten category-tandem\" role=\"listitem\">\n\t\t\t<div class=\"elementor-post__card\">\n\t\t\t\t<a class=\"elementor-post__thumbnail__link\" href=\"https:\/\/hcrb.de\/index.php\/2023\/08\/07\/swr-landesschau-am-hochblauen\/\" tabindex=\"-1\" ><div class=\"elementor-post__thumbnail\"><img decoding=\"async\" width=\"300\" height=\"168\" src=\"https:\/\/hcrb.de\/wp-content\/uploads\/2023\/08\/Landesschau-Juli-2023-300x168.jpg\" class=\"attachment-medium size-medium wp-image-6487\" alt=\"\" srcset=\"https:\/\/hcrb.de\/wp-content\/uploads\/2023\/08\/Landesschau-Juli-2023-300x168.jpg 300w, https:\/\/hcrb.de\/wp-content\/uploads\/2023\/08\/Landesschau-Juli-2023-1024x572.jpg 1024w, https:\/\/hcrb.de\/wp-content\/uploads\/2023\/08\/Landesschau-Juli-2023-768x429.jpg 768w, https:\/\/hcrb.de\/wp-content\/uploads\/2023\/08\/Landesschau-Juli-2023.jpg 1279w\" sizes=\"(max-width: 300px) 100vw, 300px\" \/><\/div><\/a>\n\t\t\t\t<div class=\"elementor-post__badge\">News<\/div>\n\t\t\t\t<div class=\"elementor-post__text\">\n\t\t\t\t<h3 class=\"elementor-post__title\">\n\t\t\t<a href=\"https:\/\/hcrb.de\/index.php\/2023\/08\/07\/swr-landesschau-am-hochblauen\/\" >\n\t\t\t\tSWR Landesschau am Hochblauen\t\t\t<\/a>\n\t\t<\/h3>\n\t\t\t\t<div class=\"elementor-post__excerpt\">\n\t\t\t<p>Mit dem Wohnmobil auf Tour war die Landesschau-Familie Fr\u00fch aus Salem am Bodensee. Eine ganze Woche \u00fcber war sie unterwegs im Markgr\u00e4flerland. Jeden Tag wartet eine neue Herausforderung auf sie. Ende Juli ging es zum Paragliding am Hochblauen hoch hinaus. Grunds\u00e4tzlich steht der H\u00e4ngegleiter Club Region Blauen (HCRB) dem Betrieb von Windr\u00e4dern positiv gegen\u00fcber. F\u00fcr<\/p>\n\t\t<\/div>\n\t\t\n\t\t<a class=\"elementor-post__read-more\" href=\"https:\/\/hcrb.de\/index.php\/2023\/08\/07\/swr-landesschau-am-hochblauen\/\" aria-label=\"Mehr \u00fcber SWR Landesschau am Hochblauen\" tabindex=\"-1\" >\n\t\t\tWeiterlesen \u00bb\t\t<\/a>\n\n\t\t\t\t<\/div>\n\t\t\t\t<div class=\"elementor-post__meta-data\">\n\t\t\t\t\t<span class=\"elementor-post-date\">\n\t\t\tAugust 7, 2023\t\t<\/span>\n\t\t\t\t<span class=\"elementor-post-avatar\">\n\t\t\tKeine Kommentare\t\t<\/span>\n\t\t\t\t<\/div>\n\t\t\t\t\t<\/div>\n\t\t<\/article>\n\t\t\t\t<\/div>\n\t\t\n\t\t\t\t\t\t<\/div>\n\t\t\t\t<\/div>\n\t\t\t\t\t<\/div>\n\t\t<\/div>\n\t\t\t\t\t<\/div>\n\t\t<\/section>\n\t\t\t\t<\/div>\n\t\t","protected":false},"excerpt":{"rendered":"<p>\u00dcbersicht Tandem Fliegen<\/p>\n","protected":false},"author":6,"featured_media":0,"parent":0,"menu_order":0,"comment_status":"closed","ping_status":"closed","template":"","meta":{"site-sidebar-layout":"no-sidebar","site-content-layout":"page-builder","ast-site-content-layout":"default","site-content-style":"default","site-sidebar-style":"default","ast-global-header-display":"","ast-banner-title-visibility":"","ast-main-header-display":"","ast-hfb-above-header-display":"","ast-hfb-below-header-display":"","ast-hfb-mobile-header-display":"","site-post-title":"disabled","ast-breadcrumbs-content":"","ast-featured-img":"disabled","footer-sml-layout":"","ast-disable-related-posts":"","theme-transparent-header-meta":"default","adv-header-id-meta":"","stick-header-meta":"","header-above-stick-meta":"","header-main-stick-meta":"","header-below-stick-meta":"","astra-migrate-meta-layouts":"default","ast-page-background-enabled":"default","ast-page-background-meta":{"desktop":{"background-color":"","background-image":"","background-repeat":"repeat","background-position":"center center","background-size":"auto","background-attachment":"scroll","background-type":"","background-media":"","overlay-type":"","overlay-color":"","overlay-opacity":"","overlay-gradient":""},"tablet":{"background-color":"","background-image":"","background-repeat":"repeat","background-position":"center center","background-size":"auto","background-attachment":"scroll","background-type":"","background-media":"","overlay-type":"","overlay-color":"","overlay-opacity":"","overlay-gradient":""},"mobile":{"background-color":"","background-image":"","background-repeat":"repeat","background-position":"center center","background-size":"auto","background-attachment":"scroll","background-type":"","background-media":"","overlay-type":"","overlay-color":"","overlay-opacity":"","overlay-gradient":""}},"ast-content-background-meta":{"desktop":{"background-color":"var(--ast-global-color-5)","background-image":"","background-repeat":"repeat","background-position":"center center","background-size":"auto","background-attachment":"scroll","background-type":"","background-media":"","overlay-type":"","overlay-color":"","overlay-opacity":"","overlay-gradient":""},"tablet":{"background-color":"var(--ast-global-color-5)","background-image":"","background-repeat":"repeat","background-position":"center center","background-size":"auto","background-attachment":"scroll","background-type":"","background-media":"","overlay-type":"","overlay-color":"","overlay-opacity":"","overlay-gradient":""},"mobile":{"background-color":"var(--ast-global-color-5)","background-image":"","background-repeat":"repeat","background-position":"center center","background-size":"auto","background-attachment":"scroll","background-type":"","background-media":"","overlay-type":"","overlay-color":"","overlay-opacity":"","overlay-gradient":""}},"footnotes":""},"class_list":["post-2275","page","type-page","status-publish","hentry"],"yoast_head":"<!-- This site is optimized with the Yoast SEO plugin v27.4 - https:\/\/yoast.com\/product\/yoast-seo-wordpress\/ -->\n<title>Blog - Kategorie &quot;Tandem&quot; - H\u00e4ngegleiter-Club Regio Blauen<\/title>\n<meta name=\"robots\" content=\"index, follow, max-snippet:-1, max-image-preview:large, max-video-preview:-1\" \/>\n<link rel=\"canonical\" href=\"https:\/\/hcrb.de\/index.php\/blog-kategorie-tandem\/\" \/>\n<meta property=\"og:locale\" content=\"de_DE\" \/>\n<meta property=\"og:type\" content=\"article\" \/>\n<meta property=\"og:title\" content=\"Blog - Kategorie &quot;Tandem&quot; - H\u00e4ngegleiter-Club Regio Blauen\" \/>\n<meta property=\"og:description\" content=\"\u00dcbersicht Tandem Fliegen\" \/>\n<meta property=\"og:url\" content=\"https:\/\/hcrb.de\/index.php\/blog-kategorie-tandem\/\" \/>\n<meta property=\"og:site_name\" content=\"H\u00e4ngegleiter-Club Regio Blauen\" \/>\n<meta property=\"article:modified_time\" content=\"2021-03-14T13:53:05+00:00\" \/>\n<meta property=\"og:image\" content=\"https:\/\/hcrb.de\/wp-content\/uploads\/2021\/01\/IMG_3143-DR-Blog-Tandem-1920p.jpg\" \/>\n<meta name=\"twitter:card\" content=\"summary_large_image\" \/>\n<meta name=\"twitter:label1\" content=\"Gesch\u00e4tzte Lesezeit\" \/>\n\t<meta name=\"twitter:data1\" content=\"1\u00a0Minute\" \/>\n<script type=\"application\/ld+json\" class=\"yoast-schema-graph\">{\"@context\":\"https:\\\/\\\/schema.org\",\"@graph\":[{\"@type\":\"WebPage\",\"@id\":\"https:\\\/\\\/hcrb.de\\\/index.php\\\/blog-kategorie-tandem\\\/\",\"url\":\"https:\\\/\\\/hcrb.de\\\/index.php\\\/blog-kategorie-tandem\\\/\",\"name\":\"Blog - Kategorie \\\"Tandem\\\" - H\u00e4ngegleiter-Club Regio Blauen\",\"isPartOf\":{\"@id\":\"https:\\\/\\\/hcrb.de\\\/#website\"},\"primaryImageOfPage\":{\"@id\":\"https:\\\/\\\/hcrb.de\\\/index.php\\\/blog-kategorie-tandem\\\/#primaryimage\"},\"image\":{\"@id\":\"https:\\\/\\\/hcrb.de\\\/index.php\\\/blog-kategorie-tandem\\\/#primaryimage\"},\"thumbnailUrl\":\"https:\\\/\\\/hcrb.de\\\/wp-content\\\/uploads\\\/2021\\\/01\\\/IMG_3143-DR-Blog-Tandem-1920p.jpg\",\"datePublished\":\"2021-01-08T14:48:23+00:00\",\"dateModified\":\"2021-03-14T13:53:05+00:00\",\"breadcrumb\":{\"@id\":\"https:\\\/\\\/hcrb.de\\\/index.php\\\/blog-kategorie-tandem\\\/#breadcrumb\"},\"inLanguage\":\"de\",\"potentialAction\":[{\"@type\":\"ReadAction\",\"target\":[\"https:\\\/\\\/hcrb.de\\\/index.php\\\/blog-kategorie-tandem\\\/\"]}]},{\"@type\":\"ImageObject\",\"inLanguage\":\"de\",\"@id\":\"https:\\\/\\\/hcrb.de\\\/index.php\\\/blog-kategorie-tandem\\\/#primaryimage\",\"url\":\"https:\\\/\\\/hcrb.de\\\/wp-content\\\/uploads\\\/2021\\\/01\\\/IMG_3143-DR-Blog-Tandem-1920p.jpg\",\"contentUrl\":\"https:\\\/\\\/hcrb.de\\\/wp-content\\\/uploads\\\/2021\\\/01\\\/IMG_3143-DR-Blog-Tandem-1920p.jpg\",\"width\":1920,\"height\":486},{\"@type\":\"BreadcrumbList\",\"@id\":\"https:\\\/\\\/hcrb.de\\\/index.php\\\/blog-kategorie-tandem\\\/#breadcrumb\",\"itemListElement\":[{\"@type\":\"ListItem\",\"position\":1,\"name\":\"Startseite\",\"item\":\"https:\\\/\\\/hcrb.de\\\/\"},{\"@type\":\"ListItem\",\"position\":2,\"name\":\"Blog &#8211; Kategorie &#8222;Tandem&#8220;\"}]},{\"@type\":\"WebSite\",\"@id\":\"https:\\\/\\\/hcrb.de\\\/#website\",\"url\":\"https:\\\/\\\/hcrb.de\\\/\",\"name\":\"H\u00e4ngegleiter-Club Regio Blauen\",\"description\":\"Gleitschirm- und Drachenfliegen im S\u00fcdschwarzwald\",\"publisher\":{\"@id\":\"https:\\\/\\\/hcrb.de\\\/#organization\"},\"potentialAction\":[{\"@type\":\"SearchAction\",\"target\":{\"@type\":\"EntryPoint\",\"urlTemplate\":\"https:\\\/\\\/hcrb.de\\\/?s={search_term_string}\"},\"query-input\":{\"@type\":\"PropertyValueSpecification\",\"valueRequired\":true,\"valueName\":\"search_term_string\"}}],\"inLanguage\":\"de\"},{\"@type\":\"Organization\",\"@id\":\"https:\\\/\\\/hcrb.de\\\/#organization\",\"name\":\"HCRB e. V.\",\"url\":\"https:\\\/\\\/hcrb.de\\\/\",\"logo\":{\"@type\":\"ImageObject\",\"inLanguage\":\"de\",\"@id\":\"https:\\\/\\\/hcrb.de\\\/#\\\/schema\\\/logo\\\/image\\\/\",\"url\":\"https:\\\/\\\/hcrb.de\\\/wp-content\\\/uploads\\\/2020\\\/11\\\/cropped-Logo_Verein.webp\",\"contentUrl\":\"https:\\\/\\\/hcrb.de\\\/wp-content\\\/uploads\\\/2020\\\/11\\\/cropped-Logo_Verein.webp\",\"width\":625,\"height\":168,\"caption\":\"HCRB e. V.\"},\"image\":{\"@id\":\"https:\\\/\\\/hcrb.de\\\/#\\\/schema\\\/logo\\\/image\\\/\"}}]}<\/script>\n<!-- \/ Yoast SEO plugin. -->","yoast_head_json":{"title":"Blog - Kategorie \"Tandem\" - H\u00e4ngegleiter-Club Regio Blauen","robots":{"index":"index","follow":"follow","max-snippet":"max-snippet:-1","max-image-preview":"max-image-preview:large","max-video-preview":"max-video-preview:-1"},"canonical":"https:\/\/hcrb.de\/index.php\/blog-kategorie-tandem\/","og_locale":"de_DE","og_type":"article","og_title":"Blog - Kategorie \"Tandem\" - H\u00e4ngegleiter-Club Regio Blauen","og_description":"\u00dcbersicht Tandem Fliegen","og_url":"https:\/\/hcrb.de\/index.php\/blog-kategorie-tandem\/","og_site_name":"H\u00e4ngegleiter-Club Regio Blauen","article_modified_time":"2021-03-14T13:53:05+00:00","og_image":[{"url":"https:\/\/hcrb.de\/wp-content\/uploads\/2021\/01\/IMG_3143-DR-Blog-Tandem-1920p.jpg","type":"","width":"","height":""}],"twitter_card":"summary_large_image","twitter_misc":{"Gesch\u00e4tzte Lesezeit":"1\u00a0Minute"},"schema":{"@context":"https:\/\/schema.org","@graph":[{"@type":"WebPage","@id":"https:\/\/hcrb.de\/index.php\/blog-kategorie-tandem\/","url":"https:\/\/hcrb.de\/index.php\/blog-kategorie-tandem\/","name":"Blog - Kategorie \"Tandem\" - H\u00e4ngegleiter-Club Regio Blauen","isPartOf":{"@id":"https:\/\/hcrb.de\/#website"},"primaryImageOfPage":{"@id":"https:\/\/hcrb.de\/index.php\/blog-kategorie-tandem\/#primaryimage"},"image":{"@id":"https:\/\/hcrb.de\/index.php\/blog-kategorie-tandem\/#primaryimage"},"thumbnailUrl":"https:\/\/hcrb.de\/wp-content\/uploads\/2021\/01\/IMG_3143-DR-Blog-Tandem-1920p.jpg","datePublished":"2021-01-08T14:48:23+00:00","dateModified":"2021-03-14T13:53:05+00:00","breadcrumb":{"@id":"https:\/\/hcrb.de\/index.php\/blog-kategorie-tandem\/#breadcrumb"},"inLanguage":"de","potentialAction":[{"@type":"ReadAction","target":["https:\/\/hcrb.de\/index.php\/blog-kategorie-tandem\/"]}]},{"@type":"ImageObject","inLanguage":"de","@id":"https:\/\/hcrb.de\/index.php\/blog-kategorie-tandem\/#primaryimage","url":"https:\/\/hcrb.de\/wp-content\/uploads\/2021\/01\/IMG_3143-DR-Blog-Tandem-1920p.jpg","contentUrl":"https:\/\/hcrb.de\/wp-content\/uploads\/2021\/01\/IMG_3143-DR-Blog-Tandem-1920p.jpg","width":1920,"height":486},{"@type":"BreadcrumbList","@id":"https:\/\/hcrb.de\/index.php\/blog-kategorie-tandem\/#breadcrumb","itemListElement":[{"@type":"ListItem","position":1,"name":"Startseite","item":"https:\/\/hcrb.de\/"},{"@type":"ListItem","position":2,"name":"Blog &#8211; Kategorie &#8222;Tandem&#8220;"}]},{"@type":"WebSite","@id":"https:\/\/hcrb.de\/#website","url":"https:\/\/hcrb.de\/","name":"H\u00e4ngegleiter-Club Regio Blauen","description":"Gleitschirm- und Drachenfliegen im S\u00fcdschwarzwald","publisher":{"@id":"https:\/\/hcrb.de\/#organization"},"potentialAction":[{"@type":"SearchAction","target":{"@type":"EntryPoint","urlTemplate":"https:\/\/hcrb.de\/?s={search_term_string}"},"query-input":{"@type":"PropertyValueSpecification","valueRequired":true,"valueName":"search_term_string"}}],"inLanguage":"de"},{"@type":"Organization","@id":"https:\/\/hcrb.de\/#organization","name":"HCRB e. V.","url":"https:\/\/hcrb.de\/","logo":{"@type":"ImageObject","inLanguage":"de","@id":"https:\/\/hcrb.de\/#\/schema\/logo\/image\/","url":"https:\/\/hcrb.de\/wp-content\/uploads\/2020\/11\/cropped-Logo_Verein.webp","contentUrl":"https:\/\/hcrb.de\/wp-content\/uploads\/2020\/11\/cropped-Logo_Verein.webp","width":625,"height":168,"caption":"HCRB e. V."},"image":{"@id":"https:\/\/hcrb.de\/#\/schema\/logo\/image\/"}}]}},"_links":{"self":[{"href":"https:\/\/hcrb.de\/index.php\/wp-json\/wp\/v2\/pages\/2275","targetHints":{"allow":["GET"]}}],"collection":[{"href":"https:\/\/hcrb.de\/index.php\/wp-json\/wp\/v2\/pages"}],"about":[{"href":"https:\/\/hcrb.de\/index.php\/wp-json\/wp\/v2\/types\/page"}],"author":[{"embeddable":true,"href":"https:\/\/hcrb.de\/index.php\/wp-json\/wp\/v2\/users\/6"}],"replies":[{"embeddable":true,"href":"https:\/\/hcrb.de\/index.php\/wp-json\/wp\/v2\/comments?post=2275"}],"version-history":[{"count":10,"href":"https:\/\/hcrb.de\/index.php\/wp-json\/wp\/v2\/pages\/2275\/revisions"}],"predecessor-version":[{"id":4275,"href":"https:\/\/hcrb.de\/index.php\/wp-json\/wp\/v2\/pages\/2275\/revisions\/4275"}],"wp:attachment":[{"href":"https:\/\/hcrb.de\/index.php\/wp-json\/wp\/v2\/media?parent=2275"}],"curies":[{"name":"wp","href":"https:\/\/api.w.org\/{rel}","templated":true}]}}