{"id":2260,"date":"2021-01-08T14:46:00","date_gmt":"2021-01-08T14:46:00","guid":{"rendered":"https:\/\/hcrb.de\/?page_id=2260"},"modified":"2021-03-14T13:47:15","modified_gmt":"2021-03-14T13:47:15","slug":"blog-kategorie-reisen","status":"publish","type":"page","link":"https:\/\/hcrb.de\/index.php\/blog-kategorie-reisen\/","title":{"rendered":"Blog &#8211; Kategorie &#8222;Reisen&#8220;"},"content":{"rendered":"\t\t<div data-elementor-type=\"wp-page\" data-elementor-id=\"2260\" class=\"elementor elementor-2260\" data-elementor-post-type=\"page\">\n\t\t\t\t\t\t<section class=\"elementor-section elementor-top-section elementor-element elementor-element-7906514 elementor-section-full_width elementor-section-height-default elementor-section-height-default\" data-id=\"7906514\" data-element_type=\"section\" data-e-type=\"section\">\n\t\t\t\t\t\t<div class=\"elementor-container elementor-column-gap-no\">\n\t\t\t\t\t<div class=\"elementor-column elementor-col-100 elementor-top-column elementor-element elementor-element-d1ff93b\" data-id=\"d1ff93b\" data-element_type=\"column\" data-e-type=\"column\">\n\t\t\t<div class=\"elementor-widget-wrap elementor-element-populated\">\n\t\t\t\t\t\t<div class=\"elementor-element elementor-element-bb938ab elementor-widget elementor-widget-image\" data-id=\"bb938ab\" data-element_type=\"widget\" data-e-type=\"widget\" data-widget_type=\"image.default\">\n\t\t\t\t<div class=\"elementor-widget-container\">\n\t\t\t\t\t\t\t\t\t\t\t\t\t\t\t<img decoding=\"async\" src=\"https:\/\/hcrb.de\/wp-content\/uploads\/2021\/01\/IMG_7194-DR-Blog-Reisen-1920p.jpg\" title=\"IMG_7194 &#8211; DR &#8211; Blog Reisen 1920p\" alt=\"IMG_7194 - DR - Blog Reisen 1920p\" loading=\"lazy\" \/>\t\t\t\t\t\t\t\t\t\t\t\t\t\t\t<\/div>\n\t\t\t\t<\/div>\n\t\t\t\t\t<\/div>\n\t\t<\/div>\n\t\t\t\t\t<\/div>\n\t\t<\/section>\n\t\t\t\t<section class=\"elementor-section elementor-top-section elementor-element elementor-element-1ab1152 elementor-section-boxed elementor-section-height-default elementor-section-height-default\" data-id=\"1ab1152\" data-element_type=\"section\" data-e-type=\"section\" data-settings=\"{&quot;background_background&quot;:&quot;classic&quot;}\">\n\t\t\t\t\t\t<div class=\"elementor-container elementor-column-gap-default\">\n\t\t\t\t\t<div class=\"elementor-column elementor-col-50 elementor-top-column elementor-element elementor-element-cf03c7d\" data-id=\"cf03c7d\" data-element_type=\"column\" data-e-type=\"column\">\n\t\t\t<div class=\"elementor-widget-wrap elementor-element-populated\">\n\t\t\t\t\t\t<div class=\"elementor-element elementor-element-80966a0 elementor-widget-divider--view-line_text elementor-widget-divider--element-align-right elementor-widget elementor-widget-divider\" data-id=\"80966a0\" data-element_type=\"widget\" data-e-type=\"widget\" data-widget_type=\"divider.default\">\n\t\t\t\t<div class=\"elementor-widget-container\">\n\t\t\t\t\t\t\t<div class=\"elementor-divider\">\n\t\t\t<span class=\"elementor-divider-separator\">\n\t\t\t\t\t\t\t<span class=\"elementor-divider__text elementor-divider__element\">\n\t\t\t\t\u00dcbersicht\t\t\t\t<\/span>\n\t\t\t\t\t\t<\/span>\n\t\t<\/div>\n\t\t\t\t\t\t<\/div>\n\t\t\t\t<\/div>\n\t\t\t\t<div class=\"elementor-element elementor-element-c6016c9 elementor-widget elementor-widget-heading\" data-id=\"c6016c9\" data-element_type=\"widget\" data-e-type=\"widget\" data-widget_type=\"heading.default\">\n\t\t\t\t<div class=\"elementor-widget-container\">\n\t\t\t\t\t<h2 class=\"elementor-heading-title elementor-size-default\">Reisen<\/h2>\t\t\t\t<\/div>\n\t\t\t\t<\/div>\n\t\t\t\t\t<\/div>\n\t\t<\/div>\n\t\t\t\t<div class=\"elementor-column elementor-col-50 elementor-top-column elementor-element elementor-element-49c1f16\" data-id=\"49c1f16\" data-element_type=\"column\" data-e-type=\"column\">\n\t\t\t<div class=\"elementor-widget-wrap\">\n\t\t\t\t\t\t\t<\/div>\n\t\t<\/div>\n\t\t\t\t\t<\/div>\n\t\t<\/section>\n\t\t\t\t<section class=\"elementor-section elementor-top-section elementor-element elementor-element-92b5b07 elementor-section-boxed elementor-section-height-default elementor-section-height-default\" data-id=\"92b5b07\" data-element_type=\"section\" data-e-type=\"section\" data-settings=\"{&quot;background_background&quot;:&quot;classic&quot;}\">\n\t\t\t\t\t\t<div class=\"elementor-container elementor-column-gap-default\">\n\t\t\t\t\t<div class=\"elementor-column elementor-col-100 elementor-top-column elementor-element elementor-element-681e3ab\" data-id=\"681e3ab\" data-element_type=\"column\" data-e-type=\"column\">\n\t\t\t<div class=\"elementor-widget-wrap elementor-element-populated\">\n\t\t\t\t\t\t<div class=\"elementor-element elementor-element-7c011d6 elementor-grid-3 elementor-grid-tablet-2 elementor-grid-mobile-1 elementor-posts--thumbnail-top elementor-card-shadow-yes elementor-posts__hover-gradient elementor-widget elementor-widget-posts\" data-id=\"7c011d6\" data-element_type=\"widget\" data-e-type=\"widget\" data-settings=\"{&quot;cards_columns&quot;:&quot;3&quot;,&quot;cards_columns_tablet&quot;:&quot;2&quot;,&quot;cards_columns_mobile&quot;:&quot;1&quot;,&quot;cards_row_gap&quot;:{&quot;unit&quot;:&quot;px&quot;,&quot;size&quot;:35,&quot;sizes&quot;:[]},&quot;cards_row_gap_tablet&quot;:{&quot;unit&quot;:&quot;px&quot;,&quot;size&quot;:&quot;&quot;,&quot;sizes&quot;:[]},&quot;cards_row_gap_mobile&quot;:{&quot;unit&quot;:&quot;px&quot;,&quot;size&quot;:&quot;&quot;,&quot;sizes&quot;:[]}}\" data-widget_type=\"posts.cards\">\n\t\t\t\t<div class=\"elementor-widget-container\">\n\t\t\t\t\t\t\t<div class=\"elementor-posts-container elementor-posts elementor-posts--skin-cards elementor-grid\" role=\"list\">\n\t\t\t\t<article class=\"elementor-post elementor-grid-item post-7413 post type-post status-publish format-standard has-post-thumbnail hentry category-reisen tag-gleitschirmfliegen tag-gleitschirmfliegenalbanien\" role=\"listitem\">\n\t\t\t<div class=\"elementor-post__card\">\n\t\t\t\t<a class=\"elementor-post__thumbnail__link\" href=\"https:\/\/hcrb.de\/index.php\/2025\/02\/01\/unterwegs-in-albanien\/\" tabindex=\"-1\" ><div class=\"elementor-post__thumbnail\"><img fetchpriority=\"high\" decoding=\"async\" width=\"300\" height=\"225\" src=\"https:\/\/hcrb.de\/wp-content\/uploads\/2025\/01\/IMG_3233-300x225.jpeg\" class=\"attachment-medium size-medium wp-image-7369\" alt=\"Unterwegs in Albanien\" srcset=\"https:\/\/hcrb.de\/wp-content\/uploads\/2025\/01\/IMG_3233-300x225.jpeg 300w, https:\/\/hcrb.de\/wp-content\/uploads\/2025\/01\/IMG_3233-1024x768.jpeg 1024w, https:\/\/hcrb.de\/wp-content\/uploads\/2025\/01\/IMG_3233-768x576.jpeg 768w, https:\/\/hcrb.de\/wp-content\/uploads\/2025\/01\/IMG_3233-1536x1152.jpeg 1536w, https:\/\/hcrb.de\/wp-content\/uploads\/2025\/01\/IMG_3233-2048x1536.jpeg 2048w, https:\/\/hcrb.de\/wp-content\/uploads\/2025\/01\/IMG_3233-1320x990.jpeg 1320w\" sizes=\"(max-width: 300px) 100vw, 300px\" \/><\/div><\/a>\n\t\t\t\t<div class=\"elementor-post__badge\">Reisen<\/div>\n\t\t\t\t<div class=\"elementor-post__text\">\n\t\t\t\t<h3 class=\"elementor-post__title\">\n\t\t\t<a href=\"https:\/\/hcrb.de\/index.php\/2025\/02\/01\/unterwegs-in-albanien\/\" >\n\t\t\t\tUnterwegs in Albanien\t\t\t<\/a>\n\t\t<\/h3>\n\t\t\t\t<div class=\"elementor-post__excerpt\">\n\t\t\t<p>Albanien mit dem Gleitschirm zu bereisen, stand schon eine Weile auf meinem Plan. Nebst diversen Dokus \u00fcber Albanien hatte mich ein Reisebericht von Peter S. vor ca. 13 Jahren inspiriert, das noch recht urspr\u00fcngliche und wilde Land kennen zu lernen. Allerdings hat es nun ein paar Jahre mehr gedauert, bis ich dieses Vorhaben in die Tat umgesetzt habe. <\/p>\n\t\t<\/div>\n\t\t\n\t\t<a class=\"elementor-post__read-more\" href=\"https:\/\/hcrb.de\/index.php\/2025\/02\/01\/unterwegs-in-albanien\/\" aria-label=\"Mehr \u00fcber Unterwegs in Albanien\" tabindex=\"-1\" >\n\t\t\tWeiterlesen \u00bb\t\t<\/a>\n\n\t\t\t\t<\/div>\n\t\t\t\t<div class=\"elementor-post__meta-data\">\n\t\t\t\t\t<span class=\"elementor-post-date\">\n\t\t\tFebruar 1, 2025\t\t<\/span>\n\t\t\t\t<span class=\"elementor-post-avatar\">\n\t\t\t1\u00a0Kommentar\t\t<\/span>\n\t\t\t\t<\/div>\n\t\t\t\t\t<\/div>\n\t\t<\/article>\n\t\t\t\t<article class=\"elementor-post elementor-grid-item post-6863 post type-post status-publish format-standard has-post-thumbnail hentry category-reisen\" role=\"listitem\">\n\t\t\t<div class=\"elementor-post__card\">\n\t\t\t\t<a class=\"elementor-post__thumbnail__link\" href=\"https:\/\/hcrb.de\/index.php\/2024\/02\/15\/gleitschirmfliegen-in-nord-thailand\/\" tabindex=\"-1\" ><div class=\"elementor-post__thumbnail\"><img decoding=\"async\" width=\"300\" height=\"225\" src=\"https:\/\/hcrb.de\/wp-content\/uploads\/2024\/02\/IMG_2878-300x225.jpeg\" class=\"attachment-medium size-medium wp-image-6855\" alt=\"\" srcset=\"https:\/\/hcrb.de\/wp-content\/uploads\/2024\/02\/IMG_2878-300x225.jpeg 300w, https:\/\/hcrb.de\/wp-content\/uploads\/2024\/02\/IMG_2878-1024x768.jpeg 1024w, https:\/\/hcrb.de\/wp-content\/uploads\/2024\/02\/IMG_2878-768x576.jpeg 768w, https:\/\/hcrb.de\/wp-content\/uploads\/2024\/02\/IMG_2878-1536x1152.jpeg 1536w, https:\/\/hcrb.de\/wp-content\/uploads\/2024\/02\/IMG_2878-2048x1536.jpeg 2048w, https:\/\/hcrb.de\/wp-content\/uploads\/2024\/02\/IMG_2878-1320x990.jpeg 1320w\" sizes=\"(max-width: 300px) 100vw, 300px\" \/><\/div><\/a>\n\t\t\t\t<div class=\"elementor-post__badge\">Reisen<\/div>\n\t\t\t\t<div class=\"elementor-post__text\">\n\t\t\t\t<h3 class=\"elementor-post__title\">\n\t\t\t<a href=\"https:\/\/hcrb.de\/index.php\/2024\/02\/15\/gleitschirmfliegen-in-nord-thailand\/\" >\n\t\t\t\tGleitschirmfliegen in Nord-Thailand\t\t\t<\/a>\n\t\t<\/h3>\n\t\t\t\t<div class=\"elementor-post__excerpt\">\n\t\t\t<p>Ich dachte, ich schreib mal was zusammen.\u00a0Ich habe versucht, alle wichtigen Punkte und Fragen f\u00fcr Gleitschirmflieger\u00a0zu behandeln.\u00a0D.h. Reisevorbereitung, Fluggebiete, Wetter, Streckenfliegen, Infrastruktur und Transport, sowie Menschen, Kommunikation und allgemeine Kosten.\u00a0Ich hoffe, es ist eine Hilfe f\u00fcr Fliegerkollegen, welche eine Reise nach Thailand in Erw\u00e4gung ziehen.\u00a0zu Warum Thailand? Warum ich Thailand als mein Reiseziel f\u00fcr das<\/p>\n\t\t<\/div>\n\t\t\n\t\t<a class=\"elementor-post__read-more\" href=\"https:\/\/hcrb.de\/index.php\/2024\/02\/15\/gleitschirmfliegen-in-nord-thailand\/\" aria-label=\"Mehr \u00fcber Gleitschirmfliegen in Nord-Thailand\" tabindex=\"-1\" >\n\t\t\tWeiterlesen \u00bb\t\t<\/a>\n\n\t\t\t\t<\/div>\n\t\t\t\t<div class=\"elementor-post__meta-data\">\n\t\t\t\t\t<span class=\"elementor-post-date\">\n\t\t\tFebruar 15, 2024\t\t<\/span>\n\t\t\t\t<span class=\"elementor-post-avatar\">\n\t\t\t3\u00a0Kommentare\t\t<\/span>\n\t\t\t\t<\/div>\n\t\t\t\t\t<\/div>\n\t\t<\/article>\n\t\t\t\t<article class=\"elementor-post elementor-grid-item post-3855 post type-post status-publish format-standard has-post-thumbnail hentry category-reisen\" role=\"listitem\">\n\t\t\t<div class=\"elementor-post__card\">\n\t\t\t\t<a class=\"elementor-post__thumbnail__link\" href=\"https:\/\/hcrb.de\/index.php\/2021\/01\/22\/f\/\" tabindex=\"-1\" ><div class=\"elementor-post__thumbnail\"><img decoding=\"async\" width=\"300\" height=\"200\" src=\"https:\/\/hcrb.de\/wp-content\/uploads\/2021\/01\/Fliegen-in-Wijk-an-Zee-300x200.jpg\" class=\"attachment-medium size-medium wp-image-3859\" alt=\"\" srcset=\"https:\/\/hcrb.de\/wp-content\/uploads\/2021\/01\/Fliegen-in-Wijk-an-Zee-300x200.jpg 300w, https:\/\/hcrb.de\/wp-content\/uploads\/2021\/01\/Fliegen-in-Wijk-an-Zee-1024x683.jpg 1024w, https:\/\/hcrb.de\/wp-content\/uploads\/2021\/01\/Fliegen-in-Wijk-an-Zee-768x512.jpg 768w, https:\/\/hcrb.de\/wp-content\/uploads\/2021\/01\/Fliegen-in-Wijk-an-Zee-1536x1024.jpg 1536w, https:\/\/hcrb.de\/wp-content\/uploads\/2021\/01\/Fliegen-in-Wijk-an-Zee-2048x1365.jpg 2048w, https:\/\/hcrb.de\/wp-content\/uploads\/2021\/01\/Fliegen-in-Wijk-an-Zee-1320x880.jpg 1320w\" sizes=\"(max-width: 300px) 100vw, 300px\" \/><\/div><\/a>\n\t\t\t\t<div class=\"elementor-post__badge\">Reisen<\/div>\n\t\t\t\t<div class=\"elementor-post__text\">\n\t\t\t\t<h3 class=\"elementor-post__title\">\n\t\t\t<a href=\"https:\/\/hcrb.de\/index.php\/2021\/01\/22\/f\/\" >\n\t\t\t\tFliegen in Wijk an Zee\t\t\t<\/a>\n\t\t<\/h3>\n\t\t\t\t<div class=\"elementor-post__excerpt\">\n\t\t\t<p>Nachdem mein Sohn und ich im Sommer 2018 unseren A-Schein bei der Gleitschirmschule Pappus gemacht hatten und wir bis dahin nur im Elsass (Siebach, Treh, Drumont, Gustiberg) geflogen sind ging es an Pfingsten 2019 zum ersten Mal in ein neues Fluggebiet.<\/p>\n\t\t<\/div>\n\t\t\n\t\t<a class=\"elementor-post__read-more\" href=\"https:\/\/hcrb.de\/index.php\/2021\/01\/22\/f\/\" aria-label=\"Mehr \u00fcber Fliegen in Wijk an Zee\" tabindex=\"-1\" >\n\t\t\tWeiterlesen \u00bb\t\t<\/a>\n\n\t\t\t\t<\/div>\n\t\t\t\t<div class=\"elementor-post__meta-data\">\n\t\t\t\t\t<span class=\"elementor-post-date\">\n\t\t\tJanuar 22, 2021\t\t<\/span>\n\t\t\t\t<span class=\"elementor-post-avatar\">\n\t\t\t2\u00a0Kommentare\t\t<\/span>\n\t\t\t\t<\/div>\n\t\t\t\t\t<\/div>\n\t\t<\/article>\n\t\t\t\t<article class=\"elementor-post elementor-grid-item post-2051 post type-post status-publish format-standard has-post-thumbnail hentry category-reisen\" role=\"listitem\">\n\t\t\t<div class=\"elementor-post__card\">\n\t\t\t\t<a class=\"elementor-post__thumbnail__link\" href=\"https:\/\/hcrb.de\/index.php\/2021\/01\/07\/fliegen-am-puy-de-dome\/\" tabindex=\"-1\" ><div class=\"elementor-post__thumbnail\"><img loading=\"lazy\" decoding=\"async\" width=\"300\" height=\"200\" src=\"https:\/\/hcrb.de\/wp-content\/uploads\/2021\/01\/Puy-de-Dome-Berg-300x200.jpg\" class=\"attachment-medium size-medium wp-image-2053\" alt=\"\" srcset=\"https:\/\/hcrb.de\/wp-content\/uploads\/2021\/01\/Puy-de-Dome-Berg-300x200.jpg 300w, https:\/\/hcrb.de\/wp-content\/uploads\/2021\/01\/Puy-de-Dome-Berg-1024x683.jpg 1024w, https:\/\/hcrb.de\/wp-content\/uploads\/2021\/01\/Puy-de-Dome-Berg-768x512.jpg 768w, https:\/\/hcrb.de\/wp-content\/uploads\/2021\/01\/Puy-de-Dome-Berg-1536x1024.jpg 1536w, https:\/\/hcrb.de\/wp-content\/uploads\/2021\/01\/Puy-de-Dome-Berg-2048x1365.jpg 2048w, https:\/\/hcrb.de\/wp-content\/uploads\/2021\/01\/Puy-de-Dome-Berg-1320x880.jpg 1320w\" sizes=\"(max-width: 300px) 100vw, 300px\" \/><\/div><\/a>\n\t\t\t\t<div class=\"elementor-post__badge\">Reisen<\/div>\n\t\t\t\t<div class=\"elementor-post__text\">\n\t\t\t\t<h3 class=\"elementor-post__title\">\n\t\t\t<a href=\"https:\/\/hcrb.de\/index.php\/2021\/01\/07\/fliegen-am-puy-de-dome\/\" >\n\t\t\t\tFliegen am Puy de D\u00f4me\t\t\t<\/a>\n\t\t<\/h3>\n\t\t\t\t<div class=\"elementor-post__excerpt\">\n\t\t\t<p>Der 1465 Meter hohe Vulkan Puy de D\u00f4me liegt im gleichnamigen D\u00e9partement Puy-de-D\u00f4me und geh\u00f6rt zum Massif central in der Auvergne im Zentrum Frankreichs. Er ist der h\u00f6chste Berg der Cha\u00eene des Puys, der Kette der Puys.<\/p>\n\t\t<\/div>\n\t\t\n\t\t<a class=\"elementor-post__read-more\" href=\"https:\/\/hcrb.de\/index.php\/2021\/01\/07\/fliegen-am-puy-de-dome\/\" aria-label=\"Mehr \u00fcber Fliegen am Puy de D\u00f4me\" tabindex=\"-1\" >\n\t\t\tWeiterlesen \u00bb\t\t<\/a>\n\n\t\t\t\t<\/div>\n\t\t\t\t<div class=\"elementor-post__meta-data\">\n\t\t\t\t\t<span class=\"elementor-post-date\">\n\t\t\tJanuar 7, 2021\t\t<\/span>\n\t\t\t\t<span class=\"elementor-post-avatar\">\n\t\t\tKeine Kommentare\t\t<\/span>\n\t\t\t\t<\/div>\n\t\t\t\t\t<\/div>\n\t\t<\/article>\n\t\t\t\t<\/div>\n\t\t\n\t\t\t\t\t\t<\/div>\n\t\t\t\t<\/div>\n\t\t\t\t\t<\/div>\n\t\t<\/div>\n\t\t\t\t\t<\/div>\n\t\t<\/section>\n\t\t\t\t<\/div>\n\t\t","protected":false},"excerpt":{"rendered":"<p>\u00dcbersicht Reisen<\/p>\n","protected":false},"author":6,"featured_media":0,"parent":0,"menu_order":0,"comment_status":"closed","ping_status":"closed","template":"","meta":{"site-sidebar-layout":"no-sidebar","site-content-layout":"page-builder","ast-site-content-layout":"default","site-content-style":"default","site-sidebar-style":"default","ast-global-header-display":"","ast-banner-title-visibility":"","ast-main-header-display":"","ast-hfb-above-header-display":"","ast-hfb-below-header-display":"","ast-hfb-mobile-header-display":"","site-post-title":"disabled","ast-breadcrumbs-content":"","ast-featured-img":"disabled","footer-sml-layout":"","ast-disable-related-posts":"","theme-transparent-header-meta":"default","adv-header-id-meta":"","stick-header-meta":"","header-above-stick-meta":"","header-main-stick-meta":"","header-below-stick-meta":"","astra-migrate-meta-layouts":"default","ast-page-background-enabled":"default","ast-page-background-meta":{"desktop":{"background-color":"","background-image":"","background-repeat":"repeat","background-position":"center center","background-size":"auto","background-attachment":"scroll","background-type":"","background-media":"","overlay-type":"","overlay-color":"","overlay-opacity":"","overlay-gradient":""},"tablet":{"background-color":"","background-image":"","background-repeat":"repeat","background-position":"center center","background-size":"auto","background-attachment":"scroll","background-type":"","background-media":"","overlay-type":"","overlay-color":"","overlay-opacity":"","overlay-gradient":""},"mobile":{"background-color":"","background-image":"","background-repeat":"repeat","background-position":"center center","background-size":"auto","background-attachment":"scroll","background-type":"","background-media":"","overlay-type":"","overlay-color":"","overlay-opacity":"","overlay-gradient":""}},"ast-content-background-meta":{"desktop":{"background-color":"var(--ast-global-color-5)","background-image":"","background-repeat":"repeat","background-position":"center center","background-size":"auto","background-attachment":"scroll","background-type":"","background-media":"","overlay-type":"","overlay-color":"","overlay-opacity":"","overlay-gradient":""},"tablet":{"background-color":"var(--ast-global-color-5)","background-image":"","background-repeat":"repeat","background-position":"center center","background-size":"auto","background-attachment":"scroll","background-type":"","background-media":"","overlay-type":"","overlay-color":"","overlay-opacity":"","overlay-gradient":""},"mobile":{"background-color":"var(--ast-global-color-5)","background-image":"","background-repeat":"repeat","background-position":"center center","background-size":"auto","background-attachment":"scroll","background-type":"","background-media":"","overlay-type":"","overlay-color":"","overlay-opacity":"","overlay-gradient":""}},"footnotes":""},"class_list":["post-2260","page","type-page","status-publish","hentry"],"yoast_head":"<!-- This site is optimized with the Yoast SEO plugin v27.6 - https:\/\/yoast.com\/product\/yoast-seo-wordpress\/ -->\n<title>Blog - Kategorie &quot;Reisen&quot; - H\u00e4ngegleiter-Club Regio Blauen<\/title>\n<meta name=\"robots\" content=\"index, follow, max-snippet:-1, max-image-preview:large, max-video-preview:-1\" \/>\n<link rel=\"canonical\" href=\"https:\/\/hcrb.de\/index.php\/blog-kategorie-reisen\/\" \/>\n<meta property=\"og:locale\" content=\"de_DE\" \/>\n<meta property=\"og:type\" content=\"article\" \/>\n<meta property=\"og:title\" content=\"Blog - Kategorie &quot;Reisen&quot; - H\u00e4ngegleiter-Club Regio Blauen\" \/>\n<meta property=\"og:description\" content=\"\u00dcbersicht Reisen\" \/>\n<meta property=\"og:url\" content=\"https:\/\/hcrb.de\/index.php\/blog-kategorie-reisen\/\" \/>\n<meta property=\"og:site_name\" content=\"H\u00e4ngegleiter-Club Regio Blauen\" \/>\n<meta property=\"article:modified_time\" content=\"2021-03-14T13:47:15+00:00\" \/>\n<meta property=\"og:image\" content=\"https:\/\/hcrb.de\/wp-content\/uploads\/2021\/01\/IMG_7194-DR-Blog-Reisen-1920p.jpg\" \/>\n<meta name=\"twitter:card\" content=\"summary_large_image\" \/>\n<meta name=\"twitter:label1\" content=\"Gesch\u00e4tzte Lesezeit\" \/>\n\t<meta name=\"twitter:data1\" content=\"2\u00a0Minuten\" \/>\n<script type=\"application\/ld+json\" class=\"yoast-schema-graph\">{\"@context\":\"https:\\\/\\\/schema.org\",\"@graph\":[{\"@type\":\"WebPage\",\"@id\":\"https:\\\/\\\/hcrb.de\\\/index.php\\\/blog-kategorie-reisen\\\/\",\"url\":\"https:\\\/\\\/hcrb.de\\\/index.php\\\/blog-kategorie-reisen\\\/\",\"name\":\"Blog - Kategorie \\\"Reisen\\\" - H\u00e4ngegleiter-Club Regio Blauen\",\"isPartOf\":{\"@id\":\"https:\\\/\\\/hcrb.de\\\/#website\"},\"primaryImageOfPage\":{\"@id\":\"https:\\\/\\\/hcrb.de\\\/index.php\\\/blog-kategorie-reisen\\\/#primaryimage\"},\"image\":{\"@id\":\"https:\\\/\\\/hcrb.de\\\/index.php\\\/blog-kategorie-reisen\\\/#primaryimage\"},\"thumbnailUrl\":\"https:\\\/\\\/hcrb.de\\\/wp-content\\\/uploads\\\/2021\\\/01\\\/IMG_7194-DR-Blog-Reisen-1920p.jpg\",\"datePublished\":\"2021-01-08T14:46:00+00:00\",\"dateModified\":\"2021-03-14T13:47:15+00:00\",\"breadcrumb\":{\"@id\":\"https:\\\/\\\/hcrb.de\\\/index.php\\\/blog-kategorie-reisen\\\/#breadcrumb\"},\"inLanguage\":\"de\",\"potentialAction\":[{\"@type\":\"ReadAction\",\"target\":[\"https:\\\/\\\/hcrb.de\\\/index.php\\\/blog-kategorie-reisen\\\/\"]}]},{\"@type\":\"ImageObject\",\"inLanguage\":\"de\",\"@id\":\"https:\\\/\\\/hcrb.de\\\/index.php\\\/blog-kategorie-reisen\\\/#primaryimage\",\"url\":\"https:\\\/\\\/hcrb.de\\\/wp-content\\\/uploads\\\/2021\\\/01\\\/IMG_7194-DR-Blog-Reisen-1920p.jpg\",\"contentUrl\":\"https:\\\/\\\/hcrb.de\\\/wp-content\\\/uploads\\\/2021\\\/01\\\/IMG_7194-DR-Blog-Reisen-1920p.jpg\",\"width\":1914,\"height\":460},{\"@type\":\"BreadcrumbList\",\"@id\":\"https:\\\/\\\/hcrb.de\\\/index.php\\\/blog-kategorie-reisen\\\/#breadcrumb\",\"itemListElement\":[{\"@type\":\"ListItem\",\"position\":1,\"name\":\"Startseite\",\"item\":\"https:\\\/\\\/hcrb.de\\\/\"},{\"@type\":\"ListItem\",\"position\":2,\"name\":\"Blog &#8211; Kategorie &#8222;Reisen&#8220;\"}]},{\"@type\":\"WebSite\",\"@id\":\"https:\\\/\\\/hcrb.de\\\/#website\",\"url\":\"https:\\\/\\\/hcrb.de\\\/\",\"name\":\"H\u00e4ngegleiter-Club Regio Blauen\",\"description\":\"Gleitschirm- und Drachenfliegen im S\u00fcdschwarzwald\",\"publisher\":{\"@id\":\"https:\\\/\\\/hcrb.de\\\/#organization\"},\"potentialAction\":[{\"@type\":\"SearchAction\",\"target\":{\"@type\":\"EntryPoint\",\"urlTemplate\":\"https:\\\/\\\/hcrb.de\\\/?s={search_term_string}\"},\"query-input\":{\"@type\":\"PropertyValueSpecification\",\"valueRequired\":true,\"valueName\":\"search_term_string\"}}],\"inLanguage\":\"de\"},{\"@type\":\"Organization\",\"@id\":\"https:\\\/\\\/hcrb.de\\\/#organization\",\"name\":\"HCRB e. V.\",\"url\":\"https:\\\/\\\/hcrb.de\\\/\",\"logo\":{\"@type\":\"ImageObject\",\"inLanguage\":\"de\",\"@id\":\"https:\\\/\\\/hcrb.de\\\/#\\\/schema\\\/logo\\\/image\\\/\",\"url\":\"https:\\\/\\\/hcrb.de\\\/wp-content\\\/uploads\\\/2020\\\/11\\\/cropped-Logo_Verein.webp\",\"contentUrl\":\"https:\\\/\\\/hcrb.de\\\/wp-content\\\/uploads\\\/2020\\\/11\\\/cropped-Logo_Verein.webp\",\"width\":625,\"height\":168,\"caption\":\"HCRB e. V.\"},\"image\":{\"@id\":\"https:\\\/\\\/hcrb.de\\\/#\\\/schema\\\/logo\\\/image\\\/\"}}]}<\/script>\n<!-- \/ Yoast SEO plugin. -->","yoast_head_json":{"title":"Blog - Kategorie \"Reisen\" - H\u00e4ngegleiter-Club Regio Blauen","robots":{"index":"index","follow":"follow","max-snippet":"max-snippet:-1","max-image-preview":"max-image-preview:large","max-video-preview":"max-video-preview:-1"},"canonical":"https:\/\/hcrb.de\/index.php\/blog-kategorie-reisen\/","og_locale":"de_DE","og_type":"article","og_title":"Blog - Kategorie \"Reisen\" - H\u00e4ngegleiter-Club Regio Blauen","og_description":"\u00dcbersicht Reisen","og_url":"https:\/\/hcrb.de\/index.php\/blog-kategorie-reisen\/","og_site_name":"H\u00e4ngegleiter-Club Regio Blauen","article_modified_time":"2021-03-14T13:47:15+00:00","og_image":[{"url":"https:\/\/hcrb.de\/wp-content\/uploads\/2021\/01\/IMG_7194-DR-Blog-Reisen-1920p.jpg","type":"","width":"","height":""}],"twitter_card":"summary_large_image","twitter_misc":{"Gesch\u00e4tzte Lesezeit":"2\u00a0Minuten"},"schema":{"@context":"https:\/\/schema.org","@graph":[{"@type":"WebPage","@id":"https:\/\/hcrb.de\/index.php\/blog-kategorie-reisen\/","url":"https:\/\/hcrb.de\/index.php\/blog-kategorie-reisen\/","name":"Blog - Kategorie \"Reisen\" - H\u00e4ngegleiter-Club Regio Blauen","isPartOf":{"@id":"https:\/\/hcrb.de\/#website"},"primaryImageOfPage":{"@id":"https:\/\/hcrb.de\/index.php\/blog-kategorie-reisen\/#primaryimage"},"image":{"@id":"https:\/\/hcrb.de\/index.php\/blog-kategorie-reisen\/#primaryimage"},"thumbnailUrl":"https:\/\/hcrb.de\/wp-content\/uploads\/2021\/01\/IMG_7194-DR-Blog-Reisen-1920p.jpg","datePublished":"2021-01-08T14:46:00+00:00","dateModified":"2021-03-14T13:47:15+00:00","breadcrumb":{"@id":"https:\/\/hcrb.de\/index.php\/blog-kategorie-reisen\/#breadcrumb"},"inLanguage":"de","potentialAction":[{"@type":"ReadAction","target":["https:\/\/hcrb.de\/index.php\/blog-kategorie-reisen\/"]}]},{"@type":"ImageObject","inLanguage":"de","@id":"https:\/\/hcrb.de\/index.php\/blog-kategorie-reisen\/#primaryimage","url":"https:\/\/hcrb.de\/wp-content\/uploads\/2021\/01\/IMG_7194-DR-Blog-Reisen-1920p.jpg","contentUrl":"https:\/\/hcrb.de\/wp-content\/uploads\/2021\/01\/IMG_7194-DR-Blog-Reisen-1920p.jpg","width":1914,"height":460},{"@type":"BreadcrumbList","@id":"https:\/\/hcrb.de\/index.php\/blog-kategorie-reisen\/#breadcrumb","itemListElement":[{"@type":"ListItem","position":1,"name":"Startseite","item":"https:\/\/hcrb.de\/"},{"@type":"ListItem","position":2,"name":"Blog &#8211; Kategorie &#8222;Reisen&#8220;"}]},{"@type":"WebSite","@id":"https:\/\/hcrb.de\/#website","url":"https:\/\/hcrb.de\/","name":"H\u00e4ngegleiter-Club Regio Blauen","description":"Gleitschirm- und Drachenfliegen im S\u00fcdschwarzwald","publisher":{"@id":"https:\/\/hcrb.de\/#organization"},"potentialAction":[{"@type":"SearchAction","target":{"@type":"EntryPoint","urlTemplate":"https:\/\/hcrb.de\/?s={search_term_string}"},"query-input":{"@type":"PropertyValueSpecification","valueRequired":true,"valueName":"search_term_string"}}],"inLanguage":"de"},{"@type":"Organization","@id":"https:\/\/hcrb.de\/#organization","name":"HCRB e. V.","url":"https:\/\/hcrb.de\/","logo":{"@type":"ImageObject","inLanguage":"de","@id":"https:\/\/hcrb.de\/#\/schema\/logo\/image\/","url":"https:\/\/hcrb.de\/wp-content\/uploads\/2020\/11\/cropped-Logo_Verein.webp","contentUrl":"https:\/\/hcrb.de\/wp-content\/uploads\/2020\/11\/cropped-Logo_Verein.webp","width":625,"height":168,"caption":"HCRB e. V."},"image":{"@id":"https:\/\/hcrb.de\/#\/schema\/logo\/image\/"}}]}},"_links":{"self":[{"href":"https:\/\/hcrb.de\/index.php\/wp-json\/wp\/v2\/pages\/2260","targetHints":{"allow":["GET"]}}],"collection":[{"href":"https:\/\/hcrb.de\/index.php\/wp-json\/wp\/v2\/pages"}],"about":[{"href":"https:\/\/hcrb.de\/index.php\/wp-json\/wp\/v2\/types\/page"}],"author":[{"embeddable":true,"href":"https:\/\/hcrb.de\/index.php\/wp-json\/wp\/v2\/users\/6"}],"replies":[{"embeddable":true,"href":"https:\/\/hcrb.de\/index.php\/wp-json\/wp\/v2\/comments?post=2260"}],"version-history":[{"count":10,"href":"https:\/\/hcrb.de\/index.php\/wp-json\/wp\/v2\/pages\/2260\/revisions"}],"predecessor-version":[{"id":4260,"href":"https:\/\/hcrb.de\/index.php\/wp-json\/wp\/v2\/pages\/2260\/revisions\/4260"}],"wp:attachment":[{"href":"https:\/\/hcrb.de\/index.php\/wp-json\/wp\/v2\/media?parent=2260"}],"curies":[{"name":"wp","href":"https:\/\/api.w.org\/{rel}","templated":true}]}}