{"id":1002,"date":"2020-11-29T17:54:26","date_gmt":"2020-11-29T17:54:26","guid":{"rendered":"https:\/\/hcrb.de\/index.php\/account\/"},"modified":"2020-11-29T19:19:42","modified_gmt":"2020-11-29T19:19:42","slug":"account","status":"publish","type":"page","link":"https:\/\/hcrb.de\/index.php\/account\/","title":{"rendered":"Account"},"content":{"rendered":"\t\t<div data-elementor-type=\"wp-page\" data-elementor-id=\"1002\" class=\"elementor elementor-1002\" data-elementor-post-type=\"page\">\n\t\t\t\t\t\t<section class=\"elementor-section elementor-top-section elementor-element elementor-element-b3fefe6 elementor-section-boxed elementor-section-height-default elementor-section-height-default\" data-id=\"b3fefe6\" data-element_type=\"section\" data-e-type=\"section\">\n\t\t\t\t\t\t<div class=\"elementor-container elementor-column-gap-default\">\n\t\t\t\t\t<div class=\"elementor-column elementor-col-100 elementor-top-column elementor-element elementor-element-253e97e\" data-id=\"253e97e\" data-element_type=\"column\" data-e-type=\"column\">\n\t\t\t<div class=\"elementor-widget-wrap elementor-element-populated\">\n\t\t\t\t\t\t<div class=\"elementor-element elementor-element-b87e8aa elementor-widget elementor-widget-heading\" data-id=\"b87e8aa\" data-element_type=\"widget\" data-e-type=\"widget\" data-widget_type=\"heading.default\">\n\t\t\t\t<div class=\"elementor-widget-container\">\n\t\t\t\t\t<h2 class=\"elementor-heading-title elementor-size-default\">Kontodetails<\/h2>\t\t\t\t<\/div>\n\t\t\t\t<\/div>\n\t\t\t\t\t<\/div>\n\t\t<\/div>\n\t\t\t\t\t<\/div>\n\t\t<\/section>\n\t\t\t\t<section class=\"elementor-section elementor-top-section elementor-element elementor-element-a79708a elementor-section-boxed elementor-section-height-default elementor-section-height-default\" data-id=\"a79708a\" data-element_type=\"section\" data-e-type=\"section\">\n\t\t\t\t\t\t<div class=\"elementor-container elementor-column-gap-default\">\n\t\t\t\t\t<div class=\"elementor-column elementor-col-100 elementor-top-column elementor-element elementor-element-f514bc6\" data-id=\"f514bc6\" data-element_type=\"column\" data-e-type=\"column\">\n\t\t\t<div class=\"elementor-widget-wrap elementor-element-populated\">\n\t\t\t\t\t\t<div class=\"elementor-element elementor-element-d424e1a elementor-widget elementor-widget-pms-account\" data-id=\"d424e1a\" data-element_type=\"widget\" data-e-type=\"widget\" data-widget_type=\"pms-account.default\">\n\t\t\t\t<div class=\"elementor-widget-container\">\n\t\t\t\t\t<style>.elementor-element-d424e1a{ display: none; }<\/style>\t\t\t\t<\/div>\n\t\t\t\t<\/div>\n\t\t\t\t\t<\/div>\n\t\t<\/div>\n\t\t\t\t\t<\/div>\n\t\t<\/section>\n\t\t\t\t<section class=\"elementor-section elementor-top-section elementor-element elementor-element-98b0c83 elementor-section-boxed elementor-section-height-default elementor-section-height-default\" data-id=\"98b0c83\" data-element_type=\"section\" data-e-type=\"section\">\n\t\t\t\t\t\t<div class=\"elementor-container elementor-column-gap-default\">\n\t\t\t\t\t<div class=\"elementor-column elementor-col-50 elementor-top-column elementor-element elementor-element-9cdc47c\" data-id=\"9cdc47c\" data-element_type=\"column\" data-e-type=\"column\">\n\t\t\t<div class=\"elementor-widget-wrap\">\n\t\t\t\t\t\t\t<\/div>\n\t\t<\/div>\n\t\t\t\t<div class=\"elementor-column elementor-col-50 elementor-top-column elementor-element elementor-element-c13c0b9\" data-id=\"c13c0b9\" data-element_type=\"column\" data-e-type=\"column\">\n\t\t\t<div class=\"elementor-widget-wrap\">\n\t\t\t\t\t\t\t<\/div>\n\t\t<\/div>\n\t\t\t\t\t<\/div>\n\t\t<\/section>\n\t\t\t\t<\/div>\n\t\t","protected":false},"excerpt":{"rendered":"<p>Kontodetails Abonnements Profil \u00e4ndern Zahlungen Abmelden Abo Mitglieder Status Aktiv Startdatum November 29, 2020 Ablaufdatum Unbegrenzt Aktionen Abo k\u00fcndigenStornieren<\/p>\n","protected":false},"author":1,"featured_media":0,"parent":0,"menu_order":0,"comment_status":"closed","ping_status":"closed","template":"elementor_header_footer","meta":{"site-sidebar-layout":"default","site-content-layout":"","ast-site-content-layout":"default","site-content-style":"default","site-sidebar-style":"default","ast-global-header-display":"","ast-banner-title-visibility":"","ast-main-header-display":"","ast-hfb-above-header-display":"","ast-hfb-below-header-display":"","ast-hfb-mobile-header-display":"","site-post-title":"","ast-breadcrumbs-content":"","ast-featured-img":"","footer-sml-layout":"","ast-disable-related-posts":"","theme-transparent-header-meta":"","adv-header-id-meta":"","stick-header-meta":"","header-above-stick-meta":"","header-main-stick-meta":"","header-below-stick-meta":"","astra-migrate-meta-layouts":"default","ast-page-background-enabled":"default","ast-page-background-meta":{"desktop":{"background-color":"","background-image":"","background-repeat":"repeat","background-position":"center center","background-size":"auto","background-attachment":"scroll","background-type":"","background-media":"","overlay-type":"","overlay-color":"","overlay-opacity":"","overlay-gradient":""},"tablet":{"background-color":"","background-image":"","background-repeat":"repeat","background-position":"center center","background-size":"auto","background-attachment":"scroll","background-type":"","background-media":"","overlay-type":"","overlay-color":"","overlay-opacity":"","overlay-gradient":""},"mobile":{"background-color":"","background-image":"","background-repeat":"repeat","background-position":"center center","background-size":"auto","background-attachment":"scroll","background-type":"","background-media":"","overlay-type":"","overlay-color":"","overlay-opacity":"","overlay-gradient":""}},"ast-content-background-meta":{"desktop":{"background-color":"var(--ast-global-color-5)","background-image":"","background-repeat":"repeat","background-position":"center center","background-size":"auto","background-attachment":"scroll","background-type":"","background-media":"","overlay-type":"","overlay-color":"","overlay-opacity":"","overlay-gradient":""},"tablet":{"background-color":"var(--ast-global-color-5)","background-image":"","background-repeat":"repeat","background-position":"center center","background-size":"auto","background-attachment":"scroll","background-type":"","background-media":"","overlay-type":"","overlay-color":"","overlay-opacity":"","overlay-gradient":""},"mobile":{"background-color":"var(--ast-global-color-5)","background-image":"","background-repeat":"repeat","background-position":"center center","background-size":"auto","background-attachment":"scroll","background-type":"","background-media":"","overlay-type":"","overlay-color":"","overlay-opacity":"","overlay-gradient":""}},"footnotes":""},"class_list":["post-1002","page","type-page","status-publish","hentry"],"yoast_head":"<!-- This site is optimized with the Yoast SEO plugin v27.3 - https:\/\/yoast.com\/product\/yoast-seo-wordpress\/ -->\n<title>Account - H\u00e4ngegleiter-Club Regio Blauen<\/title>\n<meta name=\"robots\" content=\"index, follow, max-snippet:-1, max-image-preview:large, max-video-preview:-1\" \/>\n<link rel=\"canonical\" href=\"https:\/\/hcrb.de\/index.php\/account\/\" \/>\n<meta property=\"og:locale\" content=\"de_DE\" \/>\n<meta property=\"og:type\" content=\"article\" \/>\n<meta property=\"og:title\" content=\"Account - H\u00e4ngegleiter-Club Regio Blauen\" \/>\n<meta property=\"og:description\" content=\"Kontodetails Abonnements Profil \u00e4ndern Zahlungen Abmelden Abo Mitglieder Status Aktiv Startdatum November 29, 2020 Ablaufdatum Unbegrenzt Aktionen Abo k\u00fcndigenStornieren\" \/>\n<meta property=\"og:url\" content=\"https:\/\/hcrb.de\/index.php\/account\/\" \/>\n<meta property=\"og:site_name\" content=\"H\u00e4ngegleiter-Club Regio Blauen\" \/>\n<meta property=\"article:modified_time\" content=\"2020-11-29T19:19:42+00:00\" \/>\n<meta name=\"twitter:card\" content=\"summary_large_image\" \/>\n<script type=\"application\/ld+json\" class=\"yoast-schema-graph\">{\"@context\":\"https:\\\/\\\/schema.org\",\"@graph\":[{\"@type\":\"WebPage\",\"@id\":\"https:\\\/\\\/hcrb.de\\\/index.php\\\/account\\\/\",\"url\":\"https:\\\/\\\/hcrb.de\\\/index.php\\\/account\\\/\",\"name\":\"Account - H\u00e4ngegleiter-Club Regio Blauen\",\"isPartOf\":{\"@id\":\"https:\\\/\\\/hcrb.de\\\/#website\"},\"datePublished\":\"2020-11-29T17:54:26+00:00\",\"dateModified\":\"2020-11-29T19:19:42+00:00\",\"breadcrumb\":{\"@id\":\"https:\\\/\\\/hcrb.de\\\/index.php\\\/account\\\/#breadcrumb\"},\"inLanguage\":\"de\",\"potentialAction\":[{\"@type\":\"ReadAction\",\"target\":[\"https:\\\/\\\/hcrb.de\\\/index.php\\\/account\\\/\"]}]},{\"@type\":\"BreadcrumbList\",\"@id\":\"https:\\\/\\\/hcrb.de\\\/index.php\\\/account\\\/#breadcrumb\",\"itemListElement\":[{\"@type\":\"ListItem\",\"position\":1,\"name\":\"Startseite\",\"item\":\"https:\\\/\\\/hcrb.de\\\/\"},{\"@type\":\"ListItem\",\"position\":2,\"name\":\"Account\"}]},{\"@type\":\"WebSite\",\"@id\":\"https:\\\/\\\/hcrb.de\\\/#website\",\"url\":\"https:\\\/\\\/hcrb.de\\\/\",\"name\":\"H\u00e4ngegleiter-Club Regio Blauen\",\"description\":\"Gleitschirm- und Drachenfliegen im S\u00fcdschwarzwald\",\"publisher\":{\"@id\":\"https:\\\/\\\/hcrb.de\\\/#organization\"},\"potentialAction\":[{\"@type\":\"SearchAction\",\"target\":{\"@type\":\"EntryPoint\",\"urlTemplate\":\"https:\\\/\\\/hcrb.de\\\/?s={search_term_string}\"},\"query-input\":{\"@type\":\"PropertyValueSpecification\",\"valueRequired\":true,\"valueName\":\"search_term_string\"}}],\"inLanguage\":\"de\"},{\"@type\":\"Organization\",\"@id\":\"https:\\\/\\\/hcrb.de\\\/#organization\",\"name\":\"HCRB e. V.\",\"url\":\"https:\\\/\\\/hcrb.de\\\/\",\"logo\":{\"@type\":\"ImageObject\",\"inLanguage\":\"de\",\"@id\":\"https:\\\/\\\/hcrb.de\\\/#\\\/schema\\\/logo\\\/image\\\/\",\"url\":\"https:\\\/\\\/hcrb.de\\\/wp-content\\\/uploads\\\/2020\\\/11\\\/cropped-Logo_Verein.webp\",\"contentUrl\":\"https:\\\/\\\/hcrb.de\\\/wp-content\\\/uploads\\\/2020\\\/11\\\/cropped-Logo_Verein.webp\",\"width\":625,\"height\":168,\"caption\":\"HCRB e. V.\"},\"image\":{\"@id\":\"https:\\\/\\\/hcrb.de\\\/#\\\/schema\\\/logo\\\/image\\\/\"}}]}<\/script>\n<!-- \/ Yoast SEO plugin. -->","yoast_head_json":{"title":"Account - H\u00e4ngegleiter-Club Regio Blauen","robots":{"index":"index","follow":"follow","max-snippet":"max-snippet:-1","max-image-preview":"max-image-preview:large","max-video-preview":"max-video-preview:-1"},"canonical":"https:\/\/hcrb.de\/index.php\/account\/","og_locale":"de_DE","og_type":"article","og_title":"Account - H\u00e4ngegleiter-Club Regio Blauen","og_description":"Kontodetails Abonnements Profil \u00e4ndern Zahlungen Abmelden Abo Mitglieder Status Aktiv Startdatum November 29, 2020 Ablaufdatum Unbegrenzt Aktionen Abo k\u00fcndigenStornieren","og_url":"https:\/\/hcrb.de\/index.php\/account\/","og_site_name":"H\u00e4ngegleiter-Club Regio Blauen","article_modified_time":"2020-11-29T19:19:42+00:00","twitter_card":"summary_large_image","schema":{"@context":"https:\/\/schema.org","@graph":[{"@type":"WebPage","@id":"https:\/\/hcrb.de\/index.php\/account\/","url":"https:\/\/hcrb.de\/index.php\/account\/","name":"Account - H\u00e4ngegleiter-Club Regio Blauen","isPartOf":{"@id":"https:\/\/hcrb.de\/#website"},"datePublished":"2020-11-29T17:54:26+00:00","dateModified":"2020-11-29T19:19:42+00:00","breadcrumb":{"@id":"https:\/\/hcrb.de\/index.php\/account\/#breadcrumb"},"inLanguage":"de","potentialAction":[{"@type":"ReadAction","target":["https:\/\/hcrb.de\/index.php\/account\/"]}]},{"@type":"BreadcrumbList","@id":"https:\/\/hcrb.de\/index.php\/account\/#breadcrumb","itemListElement":[{"@type":"ListItem","position":1,"name":"Startseite","item":"https:\/\/hcrb.de\/"},{"@type":"ListItem","position":2,"name":"Account"}]},{"@type":"WebSite","@id":"https:\/\/hcrb.de\/#website","url":"https:\/\/hcrb.de\/","name":"H\u00e4ngegleiter-Club Regio Blauen","description":"Gleitschirm- und Drachenfliegen im S\u00fcdschwarzwald","publisher":{"@id":"https:\/\/hcrb.de\/#organization"},"potentialAction":[{"@type":"SearchAction","target":{"@type":"EntryPoint","urlTemplate":"https:\/\/hcrb.de\/?s={search_term_string}"},"query-input":{"@type":"PropertyValueSpecification","valueRequired":true,"valueName":"search_term_string"}}],"inLanguage":"de"},{"@type":"Organization","@id":"https:\/\/hcrb.de\/#organization","name":"HCRB e. V.","url":"https:\/\/hcrb.de\/","logo":{"@type":"ImageObject","inLanguage":"de","@id":"https:\/\/hcrb.de\/#\/schema\/logo\/image\/","url":"https:\/\/hcrb.de\/wp-content\/uploads\/2020\/11\/cropped-Logo_Verein.webp","contentUrl":"https:\/\/hcrb.de\/wp-content\/uploads\/2020\/11\/cropped-Logo_Verein.webp","width":625,"height":168,"caption":"HCRB e. V."},"image":{"@id":"https:\/\/hcrb.de\/#\/schema\/logo\/image\/"}}]}},"_links":{"self":[{"href":"https:\/\/hcrb.de\/index.php\/wp-json\/wp\/v2\/pages\/1002","targetHints":{"allow":["GET"]}}],"collection":[{"href":"https:\/\/hcrb.de\/index.php\/wp-json\/wp\/v2\/pages"}],"about":[{"href":"https:\/\/hcrb.de\/index.php\/wp-json\/wp\/v2\/types\/page"}],"author":[{"embeddable":true,"href":"https:\/\/hcrb.de\/index.php\/wp-json\/wp\/v2\/users\/1"}],"replies":[{"embeddable":true,"href":"https:\/\/hcrb.de\/index.php\/wp-json\/wp\/v2\/comments?post=1002"}],"version-history":[{"count":18,"href":"https:\/\/hcrb.de\/index.php\/wp-json\/wp\/v2\/pages\/1002\/revisions"}],"predecessor-version":[{"id":1050,"href":"https:\/\/hcrb.de\/index.php\/wp-json\/wp\/v2\/pages\/1002\/revisions\/1050"}],"wp:attachment":[{"href":"https:\/\/hcrb.de\/index.php\/wp-json\/wp\/v2\/media?parent=1002"}],"curies":[{"name":"wp","href":"https:\/\/api.w.org\/{rel}","templated":true}]}}